{"id":1409,"date":"2019-11-28T15:03:22","date_gmt":"2019-11-28T15:03:22","guid":{"rendered":"http:\/\/martignoni.ch\/?page_id=1409"},"modified":"2019-12-03T10:58:25","modified_gmt":"2019-12-03T10:58:25","slug":"high-tech-2","status":"publish","type":"page","link":"https:\/\/martignoni.ch\/en\/high-tech-2\/","title":{"rendered":"High-Tech"},"content":{"rendered":"<div class=\"vce-row-container\"><div class=\"vce-row vce-element--has-background vce-row--col-gap-30 rootclass vce-row-columns--top vce-row-content--top\" id=\"el-26a6626d\" data-vce-do-apply=\"all el-26a6626d\"><div class=\"vce-content-background-container\"><div class=\"vce-asset-background-simple-container vce-visible-all-only vce-asset-background-simple--style-no-repeat vce-asset-background-simple--position-left-top\"><div class=\"vce-asset-background-simple\"><div class=\"vce-asset-background-simple-item\" style=\"background-image: url('https:\/\/martignoni.ch\/wp-content\/uploads\/2019\/11\/high-tech-1.jpg');\"><\/div><\/div><\/div><\/div><div class=\"vce-row-content\" data-vce-element-content=\"true\"><div class=\"vce-col vce-col--md-30p vce-col--xs-1 vce-col--xs-last vce-col--xs-first vce-col--sm-last vce-col--sm-first vce-col--md-first vce-col--lg-first vce-col--xl-first\" id=\"el-ed4930c8\"><div class=\"vce-col-inner\" data-vce-do-apply=\"border margin background  el-ed4930c8\"><div class=\"vce-col-content\" data-vce-element-content=\"true\" data-vce-do-apply=\"padding el-ed4930c8\"><\/div><\/div><\/div><div class=\"vce-col vce-col--md-70p vce-col--xs-1 vce-col--xs-last vce-col--xs-first vce-col--sm-last vce-col--sm-first vce-col--md-last vce-col--lg-last vce-col--xl-last mainright\" id=\"el-e3df0ac8\"><div class=\"vce-col-inner\" data-vce-do-apply=\"border margin background  el-e3df0ac8\"><div class=\"vce-col-content\" data-vce-element-content=\"true\" data-vce-do-apply=\"padding el-e3df0ac8\"><div class=\"vce-empty-space-container\" id=\"el-1122c57b\" data-vce-do-apply=\"margin el-1122c57b\"><div class=\"vce vce-empty-space vce-empty-space--height-25px--400px--400px--400px--400px--400px\" data-vce-do-apply=\"border padding background  el-1122c57b\"><\/div><\/div><div class=\"vce-text-block\"><div class=\"vce-text-block-wrapper vce\" id=\"el-a79c2b33\" data-vce-do-apply=\"all el-a79c2b33\"><h2>High-Tech<\/h2>\n<h1>Wir verstehen Sie.<br>Und unser Handwerk.<\/h1><\/div><\/div><div class=\"vce-text-block smallfixedwidth\"><div class=\"vce-text-block-wrapper vce\" id=\"el-68ead4f0\" data-vce-do-apply=\"all el-68ead4f0\"><p>Wir sind Ihr Partner f\u00fcrmassgegosseneL\u00f6sungen. Weil f\u00fcr Sie Qualit\u00e4t und Preis massgebend sind. Genauso wie die jahrzehntelange Erfahrung und das technologische Know-how, mehr aus Kunststoff zu machen.<\/p><p>Ihr Partner zu sein und zu bleiben, spornt uns an, immer wieder unser Bestes zu geben. In enger Zusammenarbeit werden Ihre Visionen in Produkte umgesetzt. Bed\u00fcrfnisorientiert. Kostenoptimiert. Was muss das Teil k\u00f6nnen? Welcher Aufwand ist f\u00fcr welche St\u00fcckzahl wirtschaftlich sinnvoll? Da ist fachm\u00e4nnische Beratung gefragt.<\/p><p>Und auf Rat folgt bei uns die Tat. Zuverl\u00e4ssig, gr\u00fcndlich und vor allem: p\u00fcnktlich.<\/p><p><strong>Auf uns ist Verlass.<\/strong><\/p><\/div><\/div><\/div><\/div><\/div><\/div><\/div><\/div><div class=\"vce-row-container\"><div class=\"vce-row vce-row--col-gap-30 vce-row-columns--top vce-row-content--top\" id=\"el-28de8717\" data-vce-do-apply=\"all el-28de8717\"><div class=\"vce-row-content\" data-vce-element-content=\"true\"><div class=\"vce-col vce-col--md-auto vce-col--xs-1 vce-col--xs-last vce-col--xs-first vce-col--sm-last vce-col--sm-first vce-col--md-last vce-col--lg-last vce-col--xl-last vce-col--md-first vce-col--lg-first vce-col--xl-first\" id=\"el-4ee37b9a\"><div class=\"vce-col-inner\" data-vce-do-apply=\"border margin background  el-4ee37b9a\"><div class=\"vce-col-content\" data-vce-element-content=\"true\" data-vce-do-apply=\"padding el-4ee37b9a\"><\/div><\/div><\/div><\/div><\/div><\/div>\n","protected":false},"excerpt":{"rendered":"<p>High-Tech Wir verstehen Sie.Und unser Handwerk.Wir sind Ihr Partner f\u00fcrmassgegosseneL\u00f6sungen. Weil f\u00fcr Sie Qualit\u00e4t und Preis massgebend sind. Genauso wie die jahrzehntelange Erfahrung und das technologische Know-how, mehr aus Kunststoff zu machen.Ihr Partner zu sein und zu bleiben, spornt uns an, immer wieder unser Bestes zu geben. In enger Zusammenarbeit werden Ihre Visionen in Produkte [&hellip;]<\/p>\n","protected":false},"author":1,"featured_media":0,"parent":0,"menu_order":0,"comment_status":"closed","ping_status":"closed","template":"","meta":{"_genesis_hide_title":false,"_genesis_hide_breadcrumbs":false,"_genesis_hide_singular_image":false,"_genesis_hide_footer_widgets":false,"_genesis_custom_body_class":"","_genesis_custom_post_class":"","_genesis_layout":"","footnotes":""},"class_list":{"0":"post-1409","1":"page","2":"type-page","3":"status-publish","5":"entry","6":"override"},"yoast_head":"<!-- This site is optimized with the Yoast SEO plugin v27.4 - https:\/\/yoast.com\/product\/yoast-seo-wordpress\/ -->\n<title>High-Tech - Martignoni<\/title>\n<meta name=\"robots\" content=\"index, follow, max-snippet:-1, max-image-preview:large, max-video-preview:-1\" \/>\n<link rel=\"canonical\" href=\"https:\/\/martignoni.ch\/en\/high-tech-2\/\" \/>\n<meta property=\"og:locale\" content=\"en_US\" \/>\n<meta property=\"og:type\" content=\"article\" \/>\n<meta property=\"og:title\" content=\"High-Tech - Martignoni\" \/>\n<meta property=\"og:description\" content=\"High-Tech Wir verstehen Sie.Und unser Handwerk.Wir sind Ihr Partner f\u00fcrmassgegosseneL\u00f6sungen. Weil f\u00fcr Sie Qualit\u00e4t und Preis massgebend sind. Genauso wie die jahrzehntelange Erfahrung und das technologische Know-how, mehr aus Kunststoff zu machen.Ihr Partner zu sein und zu bleiben, spornt uns an, immer wieder unser Bestes zu geben. In enger Zusammenarbeit werden Ihre Visionen in Produkte [&hellip;]\" \/>\n<meta property=\"og:url\" content=\"https:\/\/martignoni.ch\/en\/high-tech-2\/\" \/>\n<meta property=\"og:site_name\" content=\"Martignoni\" \/>\n<meta property=\"article:modified_time\" content=\"2019-12-03T10:58:25+00:00\" \/>\n<meta name=\"twitter:card\" content=\"summary_large_image\" \/>\n<meta name=\"twitter:label1\" content=\"Est. reading time\" \/>\n\t<meta name=\"twitter:data1\" content=\"1 minute\" \/>\n<script type=\"application\/ld+json\" class=\"yoast-schema-graph\">{\"@context\":\"https:\\\/\\\/schema.org\",\"@graph\":[{\"@type\":\"WebPage\",\"@id\":\"https:\\\/\\\/martignoni.ch\\\/en\\\/high-tech-2\\\/\",\"url\":\"https:\\\/\\\/martignoni.ch\\\/en\\\/high-tech-2\\\/\",\"name\":\"High-Tech - Martignoni\",\"isPartOf\":{\"@id\":\"https:\\\/\\\/martignoni.ch\\\/en\\\/#website\"},\"datePublished\":\"2019-11-28T15:03:22+00:00\",\"dateModified\":\"2019-12-03T10:58:25+00:00\",\"breadcrumb\":{\"@id\":\"https:\\\/\\\/martignoni.ch\\\/en\\\/high-tech-2\\\/#breadcrumb\"},\"inLanguage\":\"en-US\",\"potentialAction\":[{\"@type\":\"ReadAction\",\"target\":[\"https:\\\/\\\/martignoni.ch\\\/en\\\/high-tech-2\\\/\"]}]},{\"@type\":\"BreadcrumbList\",\"@id\":\"https:\\\/\\\/martignoni.ch\\\/en\\\/high-tech-2\\\/#breadcrumb\",\"itemListElement\":[{\"@type\":\"ListItem\",\"position\":1,\"name\":\"Home\",\"item\":\"https:\\\/\\\/martignoni.ch\\\/en\\\/\"},{\"@type\":\"ListItem\",\"position\":2,\"name\":\"High-Tech\"}]},{\"@type\":\"WebSite\",\"@id\":\"https:\\\/\\\/martignoni.ch\\\/en\\\/#website\",\"url\":\"https:\\\/\\\/martignoni.ch\\\/en\\\/\",\"name\":\"Martignoni\",\"description\":\"\",\"potentialAction\":[{\"@type\":\"SearchAction\",\"target\":{\"@type\":\"EntryPoint\",\"urlTemplate\":\"https:\\\/\\\/martignoni.ch\\\/en\\\/?s={search_term_string}\"},\"query-input\":{\"@type\":\"PropertyValueSpecification\",\"valueRequired\":true,\"valueName\":\"search_term_string\"}}],\"inLanguage\":\"en-US\"}]}<\/script>\n<!-- \/ Yoast SEO plugin. -->","yoast_head_json":{"title":"High-Tech - Martignoni","robots":{"index":"index","follow":"follow","max-snippet":"max-snippet:-1","max-image-preview":"max-image-preview:large","max-video-preview":"max-video-preview:-1"},"canonical":"https:\/\/martignoni.ch\/en\/high-tech-2\/","og_locale":"en_US","og_type":"article","og_title":"High-Tech - Martignoni","og_description":"High-Tech Wir verstehen Sie.Und unser Handwerk.Wir sind Ihr Partner f\u00fcrmassgegosseneL\u00f6sungen. Weil f\u00fcr Sie Qualit\u00e4t und Preis massgebend sind. Genauso wie die jahrzehntelange Erfahrung und das technologische Know-how, mehr aus Kunststoff zu machen.Ihr Partner zu sein und zu bleiben, spornt uns an, immer wieder unser Bestes zu geben. In enger Zusammenarbeit werden Ihre Visionen in Produkte [&hellip;]","og_url":"https:\/\/martignoni.ch\/en\/high-tech-2\/","og_site_name":"Martignoni","article_modified_time":"2019-12-03T10:58:25+00:00","twitter_card":"summary_large_image","twitter_misc":{"Est. reading time":"1 minute"},"schema":{"@context":"https:\/\/schema.org","@graph":[{"@type":"WebPage","@id":"https:\/\/martignoni.ch\/en\/high-tech-2\/","url":"https:\/\/martignoni.ch\/en\/high-tech-2\/","name":"High-Tech - Martignoni","isPartOf":{"@id":"https:\/\/martignoni.ch\/en\/#website"},"datePublished":"2019-11-28T15:03:22+00:00","dateModified":"2019-12-03T10:58:25+00:00","breadcrumb":{"@id":"https:\/\/martignoni.ch\/en\/high-tech-2\/#breadcrumb"},"inLanguage":"en-US","potentialAction":[{"@type":"ReadAction","target":["https:\/\/martignoni.ch\/en\/high-tech-2\/"]}]},{"@type":"BreadcrumbList","@id":"https:\/\/martignoni.ch\/en\/high-tech-2\/#breadcrumb","itemListElement":[{"@type":"ListItem","position":1,"name":"Home","item":"https:\/\/martignoni.ch\/en\/"},{"@type":"ListItem","position":2,"name":"High-Tech"}]},{"@type":"WebSite","@id":"https:\/\/martignoni.ch\/en\/#website","url":"https:\/\/martignoni.ch\/en\/","name":"Martignoni","description":"","potentialAction":[{"@type":"SearchAction","target":{"@type":"EntryPoint","urlTemplate":"https:\/\/martignoni.ch\/en\/?s={search_term_string}"},"query-input":{"@type":"PropertyValueSpecification","valueRequired":true,"valueName":"search_term_string"}}],"inLanguage":"en-US"}]}},"_links":{"self":[{"href":"https:\/\/martignoni.ch\/en\/wp-json\/wp\/v2\/pages\/1409","targetHints":{"allow":["GET"]}}],"collection":[{"href":"https:\/\/martignoni.ch\/en\/wp-json\/wp\/v2\/pages"}],"about":[{"href":"https:\/\/martignoni.ch\/en\/wp-json\/wp\/v2\/types\/page"}],"author":[{"embeddable":true,"href":"https:\/\/martignoni.ch\/en\/wp-json\/wp\/v2\/users\/1"}],"replies":[{"embeddable":true,"href":"https:\/\/martignoni.ch\/en\/wp-json\/wp\/v2\/comments?post=1409"}],"version-history":[{"count":1,"href":"https:\/\/martignoni.ch\/en\/wp-json\/wp\/v2\/pages\/1409\/revisions"}],"predecessor-version":[{"id":1484,"href":"https:\/\/martignoni.ch\/en\/wp-json\/wp\/v2\/pages\/1409\/revisions\/1484"}],"wp:attachment":[{"href":"https:\/\/martignoni.ch\/en\/wp-json\/wp\/v2\/media?parent=1409"}],"curies":[{"name":"wp","href":"https:\/\/api.w.org\/{rel}","templated":true}]}}