{"id":570,"date":"2019-11-06T09:33:56","date_gmt":"2019-11-06T09:33:56","guid":{"rendered":"http:\/\/martignoni.ch\/material\/uebersicht-pdf\/"},"modified":"2019-12-03T10:59:28","modified_gmt":"2019-12-03T10:59:28","slug":"uebersicht-pdf","status":"publish","type":"page","link":"https:\/\/martignoni.ch\/en\/material\/uebersicht-pdf\/","title":{"rendered":"\u00dcbersicht (PDF)"},"content":{"rendered":"<div class=\"vce-row-container\"><div class=\"vce-row vce-row--col-gap-30 vce-row-columns--top vce-row-content--top\" id=\"el-26a6626d\" data-vce-do-apply=\"all el-26a6626d\"><div class=\"vce-row-content\" data-vce-element-content=\"true\"><div class=\"vce-col vce-col--md-30p vce-col--xs-1 vce-col--xs-last vce-col--xs-first vce-col--sm-last vce-col--sm-first vce-col--md-first vce-col--lg-first vce-col--xl-first\" id=\"el-ed4930c8\"><div class=\"vce-col-inner\" data-vce-do-apply=\"border margin background  el-ed4930c8\"><div class=\"vce-col-content\" data-vce-element-content=\"true\" data-vce-do-apply=\"padding el-ed4930c8\"><div class=\"vce-single-image-container vce-single-image--align-left\"><div class=\"vce vce-single-image-wrapper\" id=\"el-2f1aebcf\" data-vce-do-apply=\"all el-2f1aebcf\"><figure><div class=\"vce-single-image-inner vce-single-image--absolute\" style=\"padding-bottom: 126.526%; width: 475px;\"><img decoding=\"async\" class=\"vce-single-image\" src=\"http:\/\/martignoni.ch\/wp-content\/uploads\/2019\/10\/pic1.jpg\" data-img-src=\"http:\/\/martignoni.ch\/wp-content\/uploads\/2019\/10\/pic1.jpg\" alt=\"\" title=\"pic1\"><\/div><\/figure><\/div><\/div><\/div><\/div><\/div><div class=\"vce-col vce-col--md-70p vce-col--xs-1 vce-col--xs-last vce-col--xs-first vce-col--sm-last vce-col--sm-first vce-col--md-last vce-col--lg-last vce-col--xl-last\" id=\"el-e3df0ac8\"><div class=\"vce-col-inner\" data-vce-do-apply=\"border margin background  el-e3df0ac8\"><div class=\"vce-col-content\" data-vce-element-content=\"true\" data-vce-do-apply=\"padding el-e3df0ac8\"><div class=\"vce-empty-space-container\" id=\"el-1122c57b\" data-vce-do-apply=\"margin el-1122c57b\"><div class=\"vce vce-empty-space vce-empty-space--height-25px--400px--400px--400px--400px--400px\" data-vce-do-apply=\"border padding background  el-1122c57b\"><\/div><\/div><div class=\"vce-text-block\"><div class=\"vce-text-block-wrapper vce\" id=\"el-a79c2b33\" data-vce-do-apply=\"all el-a79c2b33\"><h2>Leistungsspektrum<\/h2><h1>Unsere Kompetenz verdient Ihr Vertrauen<\/h1><\/div><\/div><div class=\"vce-text-block smallfixedwidth\"><div class=\"vce-text-block-wrapper vce\" id=\"el-68ead4f0\" data-vce-do-apply=\"all el-68ead4f0\"><p>Die Vielfalt der heute in der Kunststoffverarbeitung verwendeten Werkstoffe ist komplex. Unsere Spezialisten verf\u00fcgen \u00fcber fundiertes und aktuelles Fachwissen kombiniert mit praxiserprobter Erfahrung. Wir setzen uns ein, gemeinsam mit Ihnen das f\u00fcr Ihr Produkt am besten geeignete Material und den effizientesten Fertigungsprozess zu finden. Wir bieten massgeschneiderte L\u00f6sungen f\u00fcr individuelle Bed\u00fcrfnisse.<\/p><p>Unsere St\u00e4rken liegen im eigenen Werkzeugbau, der Montage von ganzen Baugruppen, einem \u00e4usserst leistungsf\u00e4higen Maschinenpark sowie in der Veredelung.<\/p><p>Kontaktieren Sie uns, wir beraten Sie gerne!<\/p><\/div><\/div><\/div><\/div><\/div><\/div><\/div><\/div><div class=\"vce-row-container\"><div class=\"vce-row vce-row--col-gap-30 vce-row-columns--top vce-row-content--top\" id=\"el-28de8717\" data-vce-do-apply=\"all el-28de8717\"><div class=\"vce-row-content\" data-vce-element-content=\"true\"><div class=\"vce-col vce-col--md-auto vce-col--xs-1 vce-col--xs-last vce-col--xs-first vce-col--sm-last vce-col--sm-first vce-col--md-last vce-col--lg-last vce-col--xl-last vce-col--md-first vce-col--lg-first vce-col--xl-first\" id=\"el-4ee37b9a\"><div class=\"vce-col-inner\" data-vce-do-apply=\"border margin background  el-4ee37b9a\"><div class=\"vce-col-content\" data-vce-element-content=\"true\" data-vce-do-apply=\"padding el-4ee37b9a\"><\/div><\/div><\/div><\/div><\/div><\/div>\n","protected":false},"excerpt":{"rendered":"<p>LeistungsspektrumUnsere Kompetenz verdient Ihr VertrauenDie Vielfalt der heute in der Kunststoffverarbeitung verwendeten Werkstoffe ist komplex. Unsere Spezialisten verf\u00fcgen \u00fcber fundiertes und aktuelles Fachwissen kombiniert mit praxiserprobter Erfahrung. Wir setzen uns ein, gemeinsam mit Ihnen das f\u00fcr Ihr Produkt am besten geeignete Material und den effizientesten Fertigungsprozess zu finden. Wir bieten massgeschneiderte L\u00f6sungen f\u00fcr individuelle Bed\u00fcrfnisse.Unsere [&hellip;]<\/p>\n","protected":false},"author":1,"featured_media":0,"parent":553,"menu_order":0,"comment_status":"closed","ping_status":"closed","template":"","meta":{"_genesis_hide_title":false,"_genesis_hide_breadcrumbs":false,"_genesis_hide_singular_image":false,"_genesis_hide_footer_widgets":false,"_genesis_custom_body_class":"","_genesis_custom_post_class":"","_genesis_layout":"","footnotes":""},"class_list":{"0":"post-570","1":"page","2":"type-page","3":"status-publish","5":"entry","6":"override"},"yoast_head":"<!-- This site is optimized with the Yoast SEO plugin v27.4 - https:\/\/yoast.com\/product\/yoast-seo-wordpress\/ -->\n<title>\u00dcbersicht (PDF) - Martignoni<\/title>\n<meta name=\"robots\" content=\"index, follow, max-snippet:-1, max-image-preview:large, max-video-preview:-1\" \/>\n<link rel=\"canonical\" href=\"https:\/\/martignoni.ch\/en\/material\/uebersicht-pdf\/\" \/>\n<meta property=\"og:locale\" content=\"en_US\" \/>\n<meta property=\"og:type\" content=\"article\" \/>\n<meta property=\"og:title\" content=\"\u00dcbersicht (PDF) - Martignoni\" \/>\n<meta property=\"og:description\" content=\"LeistungsspektrumUnsere Kompetenz verdient Ihr VertrauenDie Vielfalt der heute in der Kunststoffverarbeitung verwendeten Werkstoffe ist komplex. Unsere Spezialisten verf\u00fcgen \u00fcber fundiertes und aktuelles Fachwissen kombiniert mit praxiserprobter Erfahrung. Wir setzen uns ein, gemeinsam mit Ihnen das f\u00fcr Ihr Produkt am besten geeignete Material und den effizientesten Fertigungsprozess zu finden. Wir bieten massgeschneiderte L\u00f6sungen f\u00fcr individuelle Bed\u00fcrfnisse.Unsere [&hellip;]\" \/>\n<meta property=\"og:url\" content=\"https:\/\/martignoni.ch\/en\/material\/uebersicht-pdf\/\" \/>\n<meta property=\"og:site_name\" content=\"Martignoni\" \/>\n<meta property=\"article:modified_time\" content=\"2019-12-03T10:59:28+00:00\" \/>\n<meta property=\"og:image\" content=\"http:\/\/martignoni.ch\/wp-content\/uploads\/2019\/10\/pic1.jpg\" \/>\n<meta name=\"twitter:card\" content=\"summary_large_image\" \/>\n<script type=\"application\/ld+json\" class=\"yoast-schema-graph\">{\"@context\":\"https:\\\/\\\/schema.org\",\"@graph\":[{\"@type\":\"WebPage\",\"@id\":\"https:\\\/\\\/martignoni.ch\\\/en\\\/material\\\/uebersicht-pdf\\\/\",\"url\":\"https:\\\/\\\/martignoni.ch\\\/en\\\/material\\\/uebersicht-pdf\\\/\",\"name\":\"\u00dcbersicht (PDF) - Martignoni\",\"isPartOf\":{\"@id\":\"https:\\\/\\\/martignoni.ch\\\/en\\\/#website\"},\"primaryImageOfPage\":{\"@id\":\"https:\\\/\\\/martignoni.ch\\\/en\\\/material\\\/uebersicht-pdf\\\/#primaryimage\"},\"image\":{\"@id\":\"https:\\\/\\\/martignoni.ch\\\/en\\\/material\\\/uebersicht-pdf\\\/#primaryimage\"},\"thumbnailUrl\":\"http:\\\/\\\/martignoni.ch\\\/wp-content\\\/uploads\\\/2019\\\/10\\\/pic1.jpg\",\"datePublished\":\"2019-11-06T09:33:56+00:00\",\"dateModified\":\"2019-12-03T10:59:28+00:00\",\"breadcrumb\":{\"@id\":\"https:\\\/\\\/martignoni.ch\\\/en\\\/material\\\/uebersicht-pdf\\\/#breadcrumb\"},\"inLanguage\":\"en-US\",\"potentialAction\":[{\"@type\":\"ReadAction\",\"target\":[\"https:\\\/\\\/martignoni.ch\\\/en\\\/material\\\/uebersicht-pdf\\\/\"]}]},{\"@type\":\"ImageObject\",\"inLanguage\":\"en-US\",\"@id\":\"https:\\\/\\\/martignoni.ch\\\/en\\\/material\\\/uebersicht-pdf\\\/#primaryimage\",\"url\":\"http:\\\/\\\/martignoni.ch\\\/wp-content\\\/uploads\\\/2019\\\/10\\\/pic1.jpg\",\"contentUrl\":\"http:\\\/\\\/martignoni.ch\\\/wp-content\\\/uploads\\\/2019\\\/10\\\/pic1.jpg\"},{\"@type\":\"BreadcrumbList\",\"@id\":\"https:\\\/\\\/martignoni.ch\\\/en\\\/material\\\/uebersicht-pdf\\\/#breadcrumb\",\"itemListElement\":[{\"@type\":\"ListItem\",\"position\":1,\"name\":\"Home\",\"item\":\"https:\\\/\\\/martignoni.ch\\\/en\\\/\"},{\"@type\":\"ListItem\",\"position\":2,\"name\":\"Material\",\"item\":\"https:\\\/\\\/martignoni.ch\\\/en\\\/material\\\/\"},{\"@type\":\"ListItem\",\"position\":3,\"name\":\"\u00dcbersicht (PDF)\"}]},{\"@type\":\"WebSite\",\"@id\":\"https:\\\/\\\/martignoni.ch\\\/en\\\/#website\",\"url\":\"https:\\\/\\\/martignoni.ch\\\/en\\\/\",\"name\":\"Martignoni\",\"description\":\"\",\"potentialAction\":[{\"@type\":\"SearchAction\",\"target\":{\"@type\":\"EntryPoint\",\"urlTemplate\":\"https:\\\/\\\/martignoni.ch\\\/en\\\/?s={search_term_string}\"},\"query-input\":{\"@type\":\"PropertyValueSpecification\",\"valueRequired\":true,\"valueName\":\"search_term_string\"}}],\"inLanguage\":\"en-US\"}]}<\/script>\n<!-- \/ Yoast SEO plugin. -->","yoast_head_json":{"title":"\u00dcbersicht (PDF) - Martignoni","robots":{"index":"index","follow":"follow","max-snippet":"max-snippet:-1","max-image-preview":"max-image-preview:large","max-video-preview":"max-video-preview:-1"},"canonical":"https:\/\/martignoni.ch\/en\/material\/uebersicht-pdf\/","og_locale":"en_US","og_type":"article","og_title":"\u00dcbersicht (PDF) - Martignoni","og_description":"LeistungsspektrumUnsere Kompetenz verdient Ihr VertrauenDie Vielfalt der heute in der Kunststoffverarbeitung verwendeten Werkstoffe ist komplex. Unsere Spezialisten verf\u00fcgen \u00fcber fundiertes und aktuelles Fachwissen kombiniert mit praxiserprobter Erfahrung. Wir setzen uns ein, gemeinsam mit Ihnen das f\u00fcr Ihr Produkt am besten geeignete Material und den effizientesten Fertigungsprozess zu finden. Wir bieten massgeschneiderte L\u00f6sungen f\u00fcr individuelle Bed\u00fcrfnisse.Unsere [&hellip;]","og_url":"https:\/\/martignoni.ch\/en\/material\/uebersicht-pdf\/","og_site_name":"Martignoni","article_modified_time":"2019-12-03T10:59:28+00:00","og_image":[{"url":"http:\/\/martignoni.ch\/wp-content\/uploads\/2019\/10\/pic1.jpg","type":"","width":"","height":""}],"twitter_card":"summary_large_image","schema":{"@context":"https:\/\/schema.org","@graph":[{"@type":"WebPage","@id":"https:\/\/martignoni.ch\/en\/material\/uebersicht-pdf\/","url":"https:\/\/martignoni.ch\/en\/material\/uebersicht-pdf\/","name":"\u00dcbersicht (PDF) - Martignoni","isPartOf":{"@id":"https:\/\/martignoni.ch\/en\/#website"},"primaryImageOfPage":{"@id":"https:\/\/martignoni.ch\/en\/material\/uebersicht-pdf\/#primaryimage"},"image":{"@id":"https:\/\/martignoni.ch\/en\/material\/uebersicht-pdf\/#primaryimage"},"thumbnailUrl":"http:\/\/martignoni.ch\/wp-content\/uploads\/2019\/10\/pic1.jpg","datePublished":"2019-11-06T09:33:56+00:00","dateModified":"2019-12-03T10:59:28+00:00","breadcrumb":{"@id":"https:\/\/martignoni.ch\/en\/material\/uebersicht-pdf\/#breadcrumb"},"inLanguage":"en-US","potentialAction":[{"@type":"ReadAction","target":["https:\/\/martignoni.ch\/en\/material\/uebersicht-pdf\/"]}]},{"@type":"ImageObject","inLanguage":"en-US","@id":"https:\/\/martignoni.ch\/en\/material\/uebersicht-pdf\/#primaryimage","url":"http:\/\/martignoni.ch\/wp-content\/uploads\/2019\/10\/pic1.jpg","contentUrl":"http:\/\/martignoni.ch\/wp-content\/uploads\/2019\/10\/pic1.jpg"},{"@type":"BreadcrumbList","@id":"https:\/\/martignoni.ch\/en\/material\/uebersicht-pdf\/#breadcrumb","itemListElement":[{"@type":"ListItem","position":1,"name":"Home","item":"https:\/\/martignoni.ch\/en\/"},{"@type":"ListItem","position":2,"name":"Material","item":"https:\/\/martignoni.ch\/en\/material\/"},{"@type":"ListItem","position":3,"name":"\u00dcbersicht (PDF)"}]},{"@type":"WebSite","@id":"https:\/\/martignoni.ch\/en\/#website","url":"https:\/\/martignoni.ch\/en\/","name":"Martignoni","description":"","potentialAction":[{"@type":"SearchAction","target":{"@type":"EntryPoint","urlTemplate":"https:\/\/martignoni.ch\/en\/?s={search_term_string}"},"query-input":{"@type":"PropertyValueSpecification","valueRequired":true,"valueName":"search_term_string"}}],"inLanguage":"en-US"}]}},"_links":{"self":[{"href":"https:\/\/martignoni.ch\/en\/wp-json\/wp\/v2\/pages\/570","targetHints":{"allow":["GET"]}}],"collection":[{"href":"https:\/\/martignoni.ch\/en\/wp-json\/wp\/v2\/pages"}],"about":[{"href":"https:\/\/martignoni.ch\/en\/wp-json\/wp\/v2\/types\/page"}],"author":[{"embeddable":true,"href":"https:\/\/martignoni.ch\/en\/wp-json\/wp\/v2\/users\/1"}],"replies":[{"embeddable":true,"href":"https:\/\/martignoni.ch\/en\/wp-json\/wp\/v2\/comments?post=570"}],"version-history":[{"count":1,"href":"https:\/\/martignoni.ch\/en\/wp-json\/wp\/v2\/pages\/570\/revisions"}],"predecessor-version":[{"id":571,"href":"https:\/\/martignoni.ch\/en\/wp-json\/wp\/v2\/pages\/570\/revisions\/571"}],"up":[{"embeddable":true,"href":"https:\/\/martignoni.ch\/en\/wp-json\/wp\/v2\/pages\/553"}],"wp:attachment":[{"href":"https:\/\/martignoni.ch\/en\/wp-json\/wp\/v2\/media?parent=570"}],"curies":[{"name":"wp","href":"https:\/\/api.w.org\/{rel}","templated":true}]}}