{"id":334,"date":"2019-11-07T06:06:23","date_gmt":"2019-11-07T06:06:23","guid":{"rendered":"http:\/\/martignoni.ch\/?page_id=334"},"modified":"2019-12-17T05:58:28","modified_gmt":"2019-12-17T05:58:28","slug":"bienvenue","status":"publish","type":"page","link":"https:\/\/martignoni.ch\/fr\/","title":{"rendered":"Bienvenue"},"content":{"rendered":"<div class=\"vce-row-container\"><div class=\"vce-row vce-row--col-gap-30 vce-row-columns--top vce-row-content--top\" data-vce-full-width=\"true\" data-vce-stretch-content=\"true\" id=\"el-76073bc9\" data-vce-do-apply=\"all el-76073bc9\"><div class=\"vce-content-background-container\"><\/div><div class=\"vce-row-content\" data-vce-element-content=\"true\"><div class=\"vce-col vce-col--md-auto vce-col--xs-1 vce-col--xs-last vce-col--xs-first vce-col--sm-last vce-col--sm-first vce-col--md-last vce-col--lg-last vce-col--xl-last vce-col--md-first vce-col--lg-first vce-col--xl-first\" id=\"el-6f6ef502\"><div class=\"vce-col-inner\" data-vce-do-apply=\"border margin background  el-6f6ef502\"><div class=\"vce-col-content\" data-vce-element-content=\"true\" data-vce-do-apply=\"padding el-6f6ef502\"><div class=\"vce-text-block\" id=\"firstslider\"><div class=\"vce-text-block-wrapper vce\" id=\"el-93f13ae8\" data-vce-do-apply=\"all el-93f13ae8\"><p><script type=\"text\/javascript\">jQuery(function() { _initLayerSlider( '#layerslider_1_1595eedfbqt67', {createdWith: '6.9.2', sliderVersion: '6.10.2', allowFullscreen: true, pauseOnHover: 'enabled', skin: 'v6', sliderFadeInDuration: 350, useSrcset: true, skinsPath: 'https:\/\/martignoni.ch\/wp-content\/plugins\/LayerSlider\/assets\/static\/layerslider\/skins\/', performanceMode: true}); });<\/script><div id=\"layerslider_1_1595eedfbqt67\"  class=\"ls-wp-container fitvidsignore ls-selectable\" style=\"width:1920px;height:700px;margin:0 auto;margin-bottom: 0px;\"><div class=\"ls-slide\" data-ls=\"bgsize:cover;bgposition:50% 50%;duration:4000;\"><img width=\"1536\" height=\"560\" src=\"https:\/\/martignoni.ch\/wp-content\/uploads\/2020\/12\/slider-1.jpg\" class=\"ls-bg\" alt=\"\" srcset=\"https:\/\/martignoni.ch\/wp-content\/uploads\/2020\/12\/slider-1.jpg 1536w, https:\/\/martignoni.ch\/wp-content\/uploads\/2020\/12\/slider-1-300x109.jpg 300w, https:\/\/martignoni.ch\/wp-content\/uploads\/2020\/12\/slider-1-1024x373.jpg 1024w, https:\/\/martignoni.ch\/wp-content\/uploads\/2020\/12\/slider-1-768x280.jpg 768w\" sizes=\"(max-width: 1536px) 100vw, 1536px\" \/><div style=\"top:210px;left:595px;text-align:left;font-weight:700;background-size:inherit;background-position:inherit;font-size:20px;background-color:#ffffff;height:283px;width:643px;padding-top:20px;padding-left:50px;color:#122981;letter-spacing:0px;line-height:34px;white-space:normal;\" class=\"ls-l slidecontent ls-html-layer\" data-ls=\"position:relative;\"><h2>Wir sind Ihr kompetenter und<br>\nerfahrener Ansprechpartner<br>\nf\u00fcr die PEEK-Verarbeitung<\/h2><p>Kontaktieren Sie uns!<\/p><\/div><\/div><div class=\"ls-slide\" data-ls=\"bgsize:cover;bgposition:50% 50%;duration:4000;\"><img width=\"1920\" height=\"700\" src=\"https:\/\/martignoni.ch\/wp-content\/uploads\/2020\/12\/slider-2.jpg\" class=\"ls-bg\" alt=\"\" srcset=\"https:\/\/martignoni.ch\/wp-content\/uploads\/2020\/12\/slider-2.jpg 1920w, https:\/\/martignoni.ch\/wp-content\/uploads\/2020\/12\/slider-2-300x109.jpg 300w, https:\/\/martignoni.ch\/wp-content\/uploads\/2020\/12\/slider-2-1024x373.jpg 1024w, https:\/\/martignoni.ch\/wp-content\/uploads\/2020\/12\/slider-2-768x280.jpg 768w, https:\/\/martignoni.ch\/wp-content\/uploads\/2020\/12\/slider-2-1536x560.jpg 1536w\" sizes=\"(max-width: 1920px) 100vw, 1920px\" \/><div style=\"top:210px;left:600px;text-align:left;font-weight:700;background-size:inherit;background-position:inherit;font-size:20px;background-color:#ffffff;height:283px;width:638px;padding-top:20px;padding-left:50px;color:#122981;letter-spacing:0px;line-height:34px;white-space:normal;\" class=\"ls-l slidecontent ls-html-layer\" data-ls=\"position:relative;\"><h2>Wir sind Ihr kompetenter und<br>\nerfahrener Ansprechpartner<br>\nf\u00fcr die PEEK-Verarbeitung<\/h2><p>Kontaktieren Sie uns!<\/p><\/div><\/div><div class=\"ls-slide\" data-ls=\"bgsize:cover;bgposition:50% 50%;duration:4000;\"><img width=\"1920\" height=\"700\" src=\"https:\/\/martignoni.ch\/wp-content\/uploads\/2020\/12\/slider-3.jpg\" class=\"ls-bg\" alt=\"\" srcset=\"https:\/\/martignoni.ch\/wp-content\/uploads\/2020\/12\/slider-3.jpg 1920w, https:\/\/martignoni.ch\/wp-content\/uploads\/2020\/12\/slider-3-300x109.jpg 300w, https:\/\/martignoni.ch\/wp-content\/uploads\/2020\/12\/slider-3-1024x373.jpg 1024w, https:\/\/martignoni.ch\/wp-content\/uploads\/2020\/12\/slider-3-768x280.jpg 768w, https:\/\/martignoni.ch\/wp-content\/uploads\/2020\/12\/slider-3-1536x560.jpg 1536w\" sizes=\"(max-width: 1920px) 100vw, 1920px\" \/><div style=\"top:210px;left:595px;text-align:left;font-weight:700;background-size:inherit;background-position:inherit;font-size:20px;background-color:#ffffff;height:283px;width:643px;padding-top:20px;padding-left:50px;color:#122981;letter-spacing:0px;line-height:34px;white-space:normal;\" class=\"ls-l slidecontent ls-html-layer\" data-ls=\"position:relative;\"><h2>Wir sind Ihr kompetenter und<br>\nerfahrener Ansprechpartner<br>\nf\u00fcr die PEEK-Verarbeitung<\/h2><p>Kontaktieren Sie uns!<\/p><\/div><\/div><\/div><\/p><\/div><\/div><div class=\"vce-text-block\" id=\"secondslider\"><div class=\"vce-text-block-wrapper vce\" id=\"el-51e50f65\" data-vce-do-apply=\"all el-51e50f65\"><p><script type=\"text\/javascript\">jQuery(function() { _initLayerSlider( '#layerslider_2_sh3icuwkho4u', {createdWith: '6.9.2', sliderVersion: '6.10.2', allowFullscreen: true, pauseOnHover: 'enabled', skin: 'v6', sliderFadeInDuration: 350, useSrcset: true, skinsPath: 'https:\/\/martignoni.ch\/wp-content\/plugins\/LayerSlider\/assets\/static\/layerslider\/skins\/', performanceMode: true}); });<\/script><div id=\"layerslider_2_sh3icuwkho4u\"  class=\"ls-wp-container fitvidsignore ls-selectable\" style=\"width:1920px;height:1000px;margin:0 auto;margin-bottom: 0px;\"><div class=\"ls-slide\" data-ls=\"bgsize:cover;bgposition:50% 50%;duration:4000;\"><img width=\"1900\" height=\"1000\" src=\"https:\/\/martignoni.ch\/wp-content\/uploads\/2020\/12\/new-slide2.jpg\" class=\"ls-bg\" alt=\"\" srcset=\"https:\/\/martignoni.ch\/wp-content\/uploads\/2020\/12\/new-slide2.jpg 1900w, https:\/\/martignoni.ch\/wp-content\/uploads\/2020\/12\/new-slide2-300x158.jpg 300w, https:\/\/martignoni.ch\/wp-content\/uploads\/2020\/12\/new-slide2-1024x539.jpg 1024w, https:\/\/martignoni.ch\/wp-content\/uploads\/2020\/12\/new-slide2-768x404.jpg 768w, https:\/\/martignoni.ch\/wp-content\/uploads\/2020\/12\/new-slide2-1536x808.jpg 1536w\" sizes=\"(max-width: 1900px) 100vw, 1900px\" \/><div style=\"top:50%;left:100%;text-align:left;font-weight:700;background-size:inherit;background-position:inherit;font-size:20px;background-color:#ffffff;height:283px;width:47.4%;padding-top:20px;padding-left:50px;color:#122981;letter-spacing:0px;line-height:34px;white-space:normal;\" class=\"ls-l slidecontent ls-html-layer\" data-ls=\"durationin:0;fadein:false;transformperspectivein:0;durationout:0;fadeout:false;transformperspectiveout:0;position:relative;\"><h2>Wir sind Ihr kompetenter und<br>\nerfahrener Ansprechpartner<br>\nf\u00fcr die PEEK-Verarbeitung<\/h2><p>Kontaktieren Sie uns!<\/p><\/div><\/div><div class=\"ls-slide\" data-ls=\"bgsize:cover;bgposition:50% 50%;duration:4000;\"><img width=\"1920\" height=\"1000\" src=\"https:\/\/martignoni.ch\/wp-content\/uploads\/2020\/12\/new-slide1.jpg\" class=\"ls-bg\" alt=\"\" srcset=\"https:\/\/martignoni.ch\/wp-content\/uploads\/2020\/12\/new-slide1.jpg 1920w, https:\/\/martignoni.ch\/wp-content\/uploads\/2020\/12\/new-slide1-300x156.jpg 300w, https:\/\/martignoni.ch\/wp-content\/uploads\/2020\/12\/new-slide1-1024x533.jpg 1024w, https:\/\/martignoni.ch\/wp-content\/uploads\/2020\/12\/new-slide1-768x400.jpg 768w, https:\/\/martignoni.ch\/wp-content\/uploads\/2020\/12\/new-slide1-1536x800.jpg 1536w\" sizes=\"(max-width: 1920px) 100vw, 1920px\" \/><div style=\"top:50%;left:100%;text-align:left;font-weight:700;background-size:inherit;background-position:inherit;font-size:20px;background-color:#ffffff;height:283px;width:47.4%;padding-top:20px;padding-left:50px;color:#122981;letter-spacing:0px;line-height:34px;white-space:normal;\" class=\"ls-l slidecontent ls-html-layer\" data-ls=\"durationin:0;fadein:false;transformperspectivein:0;position:relative;\"><h2>Wir sind Ihr kompetenter und<br>\nerfahrener Ansprechpartner<br>\nf\u00fcr die PEEK-Verarbeitung<\/h2><p>Kontaktieren Sie uns!<\/p><\/div><\/div><\/div><\/p><\/div><\/div><\/div><\/div><\/div><\/div><\/div><\/div><div class=\"vce-row-container\"><div class=\"vce-row vce-row--col-gap-30 vce-row-columns--top vce-row-content--top\" id=\"el-7c0d2ff4\" data-vce-do-apply=\"all el-7c0d2ff4\"><div class=\"vce-row-content\" data-vce-element-content=\"true\"><div class=\"vce-col vce-col--md-auto vce-col--xs-1 vce-col--xs-last vce-col--xs-first vce-col--sm-last vce-col--sm-first vce-col--md-last vce-col--lg-last vce-col--xl-last vce-col--md-first vce-col--lg-first vce-col--xl-first\" id=\"el-eefc55b2\"><div class=\"vce-col-inner\" data-vce-do-apply=\"border margin background  el-eefc55b2\"><div class=\"vce-col-content\" data-vce-element-content=\"true\" data-vce-do-apply=\"padding el-eefc55b2\"><\/div><\/div><\/div><\/div><\/div><\/div><div class=\"vce-row-container\"><div class=\"vce-row vce-row--col-gap-30 fixedwidth vce-row-columns--top vce-row-content--top\" id=\"el-de2b5584\" data-vce-do-apply=\"all el-de2b5584\"><div class=\"vce-row-content\" data-vce-element-content=\"true\"><div class=\"vce-col vce-col--md-auto vce-col--xs-1 vce-col--xs-last vce-col--xs-first vce-col--sm-last vce-col--sm-first vce-col--md-last vce-col--lg-last vce-col--xl-last vce-col--md-first vce-col--lg-first vce-col--xl-first\" id=\"el-ef4c984b\"><div class=\"vce-col-inner\" data-vce-do-apply=\"border margin background  el-ef4c984b\"><div class=\"vce-col-content\" data-vce-element-content=\"true\" data-vce-do-apply=\"padding el-ef4c984b\"><div class=\"vce-text-block\"><div class=\"vce-text-block-wrapper vce\" id=\"el-2d366b47\" data-vce-do-apply=\"all el-2d366b47\"><h1>Succ\u00e8s garanti avec les mati\u00e8res plastiques!<\/h1><p><img loading=\"lazy\" decoding=\"async\" class=\"alignnone size-full wp-image-26\" src=\"https:\/\/martignoni.ch\/wp-content\/uploads\/2019\/10\/bottomarrow.png\" alt=\"\" width=\"55\" height=\"29\"><\/p><\/div><\/div><\/div><\/div><\/div><\/div><\/div><\/div><div class=\"vce-row-container\"><div class=\"vce-row vce-row--col-gap-30 fixedwidth vce-row-columns--top vce-row-content--top\" id=\"el-26a6626d\" data-vce-do-apply=\"all el-26a6626d\"><div class=\"vce-row-content\" data-vce-element-content=\"true\"><div class=\"vce-col vce-col--md-auto vce-col--xs-1 vce-col--xs-last vce-col--xs-first vce-col--sm-last vce-col--sm-first vce-col--md-last vce-col--lg-last vce-col--xl-last vce-col--md-first vce-col--lg-first vce-col--xl-first\" id=\"el-ed4930c8\"><div class=\"vce-col-inner\" data-vce-do-apply=\"border margin background  el-ed4930c8\"><div class=\"vce-col-content\" data-vce-element-content=\"true\" data-vce-do-apply=\"padding el-ed4930c8\"><div class=\"vce-text-block section1\"><div class=\"vce-text-block-wrapper vce\" id=\"el-a79c2b33\" data-vce-do-apply=\"all el-a79c2b33\"><p><strong>Soyez les bienvenus!<\/strong>\n\nMartignoni SA - votre partenaire comp\u00e9tent dans le domaine du moulage \u00e0 injection.\n\nDans notre galerie, nous vos donnons dans l'aper\u00e7u de notre activit\u00e9:<\/p>\n\n\n\n<a href=\"\/fr\/uber-uns\/galerie\/#gallery\"><img loading=\"lazy\" decoding=\"async\" class=\"size-full wp-image-29 alignleft\" src=\"https:\/\/martignoni.ch\/wp-content\/uploads\/2019\/10\/searchicon.png\" alt=\"\" width=\"68\" height=\"61\"><\/a><\/div><\/div><\/div><\/div><\/div><\/div><\/div><\/div>\n","protected":false},"excerpt":{"rendered":"<p>Succ\u00e8s garanti avec les mati\u00e8res plastiques!Soyez les bienvenus! Martignoni SA &#8211; votre partenaire comp\u00e9tent dans le domaine du moulage \u00e0 injection. Dans notre galerie, nous vos donnons dans l&rsquo;aper\u00e7u de notre activit\u00e9:<\/p>\n","protected":false},"author":1,"featured_media":0,"parent":0,"menu_order":0,"comment_status":"closed","ping_status":"closed","template":"","meta":{"_genesis_hide_title":false,"_genesis_hide_breadcrumbs":false,"_genesis_hide_singular_image":false,"_genesis_hide_footer_widgets":false,"_genesis_custom_body_class":"","_genesis_custom_post_class":"","_genesis_layout":"","footnotes":""},"class_list":{"0":"post-334","1":"page","2":"type-page","3":"status-publish","5":"entry","6":"override"},"yoast_head":"<!-- This site is optimized with the Yoast SEO plugin v27.5 - https:\/\/yoast.com\/product\/yoast-seo-wordpress\/ -->\n<title>Bienvenue - Martignoni<\/title>\n<meta name=\"robots\" content=\"index, follow, max-snippet:-1, max-image-preview:large, max-video-preview:-1\" \/>\n<link rel=\"canonical\" href=\"https:\/\/martignoni.ch\/fr\/\" \/>\n<meta property=\"og:locale\" content=\"fr_FR\" \/>\n<meta property=\"og:type\" content=\"article\" \/>\n<meta property=\"og:title\" content=\"Bienvenue - Martignoni\" \/>\n<meta property=\"og:description\" content=\"Succ\u00e8s garanti avec les mati\u00e8res plastiques!Soyez les bienvenus! Martignoni SA - votre partenaire comp\u00e9tent dans le domaine du moulage \u00e0 injection. Dans notre galerie, nous vos donnons dans l&#039;aper\u00e7u de notre activit\u00e9:\" \/>\n<meta property=\"og:url\" content=\"https:\/\/martignoni.ch\/fr\/\" \/>\n<meta property=\"og:site_name\" content=\"Martignoni\" \/>\n<meta property=\"article:modified_time\" content=\"2019-12-17T05:58:28+00:00\" \/>\n<meta property=\"og:image\" content=\"http:\/\/|!|vcvUploadUrl|!|\/2019\/10\/bottomarrow.png\" \/>\n<meta name=\"twitter:card\" content=\"summary_large_image\" \/>\n<script type=\"application\/ld+json\" class=\"yoast-schema-graph\">{\"@context\":\"https:\\\/\\\/schema.org\",\"@graph\":[{\"@type\":\"WebPage\",\"@id\":\"https:\\\/\\\/martignoni.ch\\\/fr\\\/\",\"url\":\"https:\\\/\\\/martignoni.ch\\\/fr\\\/\",\"name\":\"Bienvenue - Martignoni\",\"isPartOf\":{\"@id\":\"https:\\\/\\\/martignoni.ch\\\/fr\\\/#website\"},\"datePublished\":\"2019-11-07T06:06:23+00:00\",\"dateModified\":\"2019-12-17T05:58:28+00:00\",\"breadcrumb\":{\"@id\":\"https:\\\/\\\/martignoni.ch\\\/fr\\\/#breadcrumb\"},\"inLanguage\":\"fr-FR\",\"potentialAction\":[{\"@type\":\"ReadAction\",\"target\":[\"https:\\\/\\\/martignoni.ch\\\/fr\\\/\"]}]},{\"@type\":\"BreadcrumbList\",\"@id\":\"https:\\\/\\\/martignoni.ch\\\/fr\\\/#breadcrumb\",\"itemListElement\":[{\"@type\":\"ListItem\",\"position\":1,\"name\":\"Home\",\"item\":\"https:\\\/\\\/martignoni.ch\\\/fr\\\/bienvenue\\\/\"},{\"@type\":\"ListItem\",\"position\":2,\"name\":\"Bienvenue\"}]},{\"@type\":\"WebSite\",\"@id\":\"https:\\\/\\\/martignoni.ch\\\/fr\\\/#website\",\"url\":\"https:\\\/\\\/martignoni.ch\\\/fr\\\/\",\"name\":\"Martignoni\",\"description\":\"\",\"potentialAction\":[{\"@type\":\"SearchAction\",\"target\":{\"@type\":\"EntryPoint\",\"urlTemplate\":\"https:\\\/\\\/martignoni.ch\\\/fr\\\/?s={search_term_string}\"},\"query-input\":{\"@type\":\"PropertyValueSpecification\",\"valueRequired\":true,\"valueName\":\"search_term_string\"}}],\"inLanguage\":\"fr-FR\"}]}<\/script>\n<!-- \/ Yoast SEO plugin. -->","yoast_head_json":{"title":"Bienvenue - Martignoni","robots":{"index":"index","follow":"follow","max-snippet":"max-snippet:-1","max-image-preview":"max-image-preview:large","max-video-preview":"max-video-preview:-1"},"canonical":"https:\/\/martignoni.ch\/fr\/","og_locale":"fr_FR","og_type":"article","og_title":"Bienvenue - Martignoni","og_description":"Succ\u00e8s garanti avec les mati\u00e8res plastiques!Soyez les bienvenus! Martignoni SA - votre partenaire comp\u00e9tent dans le domaine du moulage \u00e0 injection. Dans notre galerie, nous vos donnons dans l'aper\u00e7u de notre activit\u00e9:","og_url":"https:\/\/martignoni.ch\/fr\/","og_site_name":"Martignoni","article_modified_time":"2019-12-17T05:58:28+00:00","og_image":[{"url":"|!|vcvUploadUrl|!|\/2019\/10\/bottomarrow.png","type":"","width":"","height":""}],"twitter_card":"summary_large_image","schema":{"@context":"https:\/\/schema.org","@graph":[{"@type":"WebPage","@id":"https:\/\/martignoni.ch\/fr\/","url":"https:\/\/martignoni.ch\/fr\/","name":"Bienvenue - Martignoni","isPartOf":{"@id":"https:\/\/martignoni.ch\/fr\/#website"},"datePublished":"2019-11-07T06:06:23+00:00","dateModified":"2019-12-17T05:58:28+00:00","breadcrumb":{"@id":"https:\/\/martignoni.ch\/fr\/#breadcrumb"},"inLanguage":"fr-FR","potentialAction":[{"@type":"ReadAction","target":["https:\/\/martignoni.ch\/fr\/"]}]},{"@type":"BreadcrumbList","@id":"https:\/\/martignoni.ch\/fr\/#breadcrumb","itemListElement":[{"@type":"ListItem","position":1,"name":"Home","item":"https:\/\/martignoni.ch\/fr\/bienvenue\/"},{"@type":"ListItem","position":2,"name":"Bienvenue"}]},{"@type":"WebSite","@id":"https:\/\/martignoni.ch\/fr\/#website","url":"https:\/\/martignoni.ch\/fr\/","name":"Martignoni","description":"","potentialAction":[{"@type":"SearchAction","target":{"@type":"EntryPoint","urlTemplate":"https:\/\/martignoni.ch\/fr\/?s={search_term_string}"},"query-input":{"@type":"PropertyValueSpecification","valueRequired":true,"valueName":"search_term_string"}}],"inLanguage":"fr-FR"}]}},"_links":{"self":[{"href":"https:\/\/martignoni.ch\/fr\/wp-json\/wp\/v2\/pages\/334","targetHints":{"allow":["GET"]}}],"collection":[{"href":"https:\/\/martignoni.ch\/fr\/wp-json\/wp\/v2\/pages"}],"about":[{"href":"https:\/\/martignoni.ch\/fr\/wp-json\/wp\/v2\/types\/page"}],"author":[{"embeddable":true,"href":"https:\/\/martignoni.ch\/fr\/wp-json\/wp\/v2\/users\/1"}],"replies":[{"embeddable":true,"href":"https:\/\/martignoni.ch\/fr\/wp-json\/wp\/v2\/comments?post=334"}],"version-history":[{"count":50,"href":"https:\/\/martignoni.ch\/fr\/wp-json\/wp\/v2\/pages\/334\/revisions"}],"predecessor-version":[{"id":1809,"href":"https:\/\/martignoni.ch\/fr\/wp-json\/wp\/v2\/pages\/334\/revisions\/1809"}],"wp:attachment":[{"href":"https:\/\/martignoni.ch\/fr\/wp-json\/wp\/v2\/media?parent=334"}],"curies":[{"name":"wp","href":"https:\/\/api.w.org\/{rel}","templated":true}]}}