{"id":441,"date":"2019-11-06T09:35:44","date_gmt":"2019-11-06T09:35:44","guid":{"rendered":"http:\/\/martignoni.ch\/arbeitsbeispiele\/peek-zahnrad\/"},"modified":"2019-12-03T14:08:55","modified_gmt":"2019-12-03T14:08:55","slug":"peek-zahnrad","status":"publish","type":"page","link":"https:\/\/martignoni.ch\/fr\/arbeitsbeispiele\/peek-zahnrad\/","title":{"rendered":"PEEK-Zahnrad"},"content":{"rendered":"<div class=\"vce-row-container\"><div class=\"vce-row vce-element--has-background vce-row--col-gap-30 rootclass vce-row-columns--top vce-row-content--top\" id=\"el-26a6626d\" data-vce-do-apply=\"all el-26a6626d\"><div class=\"vce-content-background-container\"><div class=\"vce-asset-background-simple-container vce-visible-all-only vce-asset-background-simple--style-no-repeat vce-asset-background-simple--position-left-top\"><div class=\"vce-asset-background-simple\"><div class=\"vce-asset-background-simple-item\" style=\"background-image: url('https:\/\/martignoni.ch\/wp-content\/uploads\/2019\/11\/peek-zahnrad-2.jpg');\"><\/div><\/div><\/div><\/div><div class=\"vce-row-content\" data-vce-element-content=\"true\"><div class=\"vce-col vce-col--md-30p vce-col--xs-1 vce-col--xs-last vce-col--xs-first vce-col--sm-last vce-col--sm-first vce-col--md-first vce-col--lg-first vce-col--xl-first mainleft\" id=\"el-ed4930c8\"><div class=\"vce-col-inner\" data-vce-do-apply=\"border margin background  el-ed4930c8\"><div class=\"vce-col-content\" data-vce-element-content=\"true\" data-vce-do-apply=\"padding el-ed4930c8\"><\/div><\/div><\/div><div class=\"vce-col vce-col--md-70p vce-col--xs-1 vce-col--xs-last vce-col--xs-first vce-col--sm-last vce-col--sm-first vce-col--md-last vce-col--lg-last vce-col--xl-last mainright\" id=\"el-e3df0ac8\"><div class=\"vce-col-inner\" data-vce-do-apply=\"border margin background  el-e3df0ac8\"><div class=\"vce-col-content\" data-vce-element-content=\"true\" data-vce-do-apply=\"padding el-e3df0ac8\"><div class=\"vce-empty-space-container\" id=\"el-1122c57b\" data-vce-do-apply=\"margin el-1122c57b\"><div class=\"vce vce-empty-space vce-empty-space--height-25px--400px--400px--400px--400px--400px\" data-vce-do-apply=\"border padding background  el-1122c57b\"><\/div><\/div><div class=\"vce-text-block\"><div class=\"vce-text-block-wrapper vce\" id=\"el-a79c2b33\" data-vce-do-apply=\"all el-a79c2b33\"><h2>Arbeitsbeispiele<\/h2><h1>Schauen Sie genau hin \u2014<br>das sieht doch PEEK-fein aus!<\/h1><\/div><\/div><div class=\"vce-text-block smallfixedwidth\"><div class=\"vce-text-block-wrapper vce\" id=\"el-68ead4f0\" data-vce-do-apply=\"all el-68ead4f0\"><p>PEEK ist ein High-Tech Material mit ganz besonderen Eigenschaften wie beispielsweise<\/p><ul><li>sehr hohe W\u00e4rmeformbest\u00e4ndigkeit<\/li><li>sehr gute Chemikalienbest\u00e4ndigkeit<\/li><li>sehr gute Hydrolysebest\u00e4ndigkeit<\/li><li>gute Festigkeit<\/li><li>hohe Steifigkeit<\/li><\/ul><p>und noch einiges mehr \u2026<\/p><p>Nebenstehende Teile fertigen wir neu kosteng\u00fcnstiger und aus einem St\u00fcck aus PEEK statt aus Metall. F\u00fcr die anspruchsvolle Verarbeitung dieses Materials sind wir mit der neuesten Infrastruktur ausger\u00fcstet.<\/p><p>Und \u2013 wann d\u00fcrfen wir f\u00fcr Sie PEEK-Teile produzieren?<\/p><p><strong>Martignoni AG \u2013 know-kow in technology and plastics.<\/strong><\/p><\/div><\/div><\/div><\/div><\/div><\/div><\/div><\/div><div class=\"vce-row-container\"><div class=\"vce-row vce-row--col-gap-30 vce-row-columns--top vce-row-content--top\" id=\"el-28de8717\" data-vce-do-apply=\"all el-28de8717\"><div class=\"vce-row-content\" data-vce-element-content=\"true\"><div class=\"vce-col vce-col--md-auto vce-col--xs-1 vce-col--xs-last vce-col--xs-first vce-col--sm-last vce-col--sm-first vce-col--md-last vce-col--lg-last vce-col--xl-last vce-col--md-first vce-col--lg-first vce-col--xl-first\" id=\"el-4ee37b9a\"><div class=\"vce-col-inner\" data-vce-do-apply=\"border margin background  el-4ee37b9a\"><div class=\"vce-col-content\" data-vce-element-content=\"true\" data-vce-do-apply=\"padding el-4ee37b9a\"><\/div><\/div><\/div><\/div><\/div><\/div>\n","protected":false},"excerpt":{"rendered":"<p>ArbeitsbeispieleSchauen Sie genau hin \u2014das sieht doch PEEK-fein aus!PEEK ist ein High-Tech Material mit ganz besonderen Eigenschaften wie beispielsweisesehr hohe W\u00e4rmeformbest\u00e4ndigkeitsehr gute Chemikalienbest\u00e4ndigkeitsehr gute Hydrolysebest\u00e4ndigkeitgute Festigkeithohe Steifigkeitund noch einiges mehr \u2026Nebenstehende Teile fertigen wir neu kosteng\u00fcnstiger und aus einem St\u00fcck aus PEEK statt aus Metall. F\u00fcr die anspruchsvolle Verarbeitung dieses Materials sind wir mit der [&hellip;]<\/p>\n","protected":false},"author":1,"featured_media":0,"parent":416,"menu_order":0,"comment_status":"closed","ping_status":"closed","template":"","meta":{"_genesis_hide_title":false,"_genesis_hide_breadcrumbs":false,"_genesis_hide_singular_image":false,"_genesis_hide_footer_widgets":false,"_genesis_custom_body_class":"","_genesis_custom_post_class":"","_genesis_layout":"","footnotes":""},"class_list":{"0":"post-441","1":"page","2":"type-page","3":"status-publish","5":"entry","6":"override"},"yoast_head":"<!-- This site is optimized with the Yoast SEO plugin v27.5 - https:\/\/yoast.com\/product\/yoast-seo-wordpress\/ -->\n<title>PEEK-Zahnrad - Martignoni<\/title>\n<meta name=\"robots\" content=\"index, follow, max-snippet:-1, max-image-preview:large, max-video-preview:-1\" \/>\n<link rel=\"canonical\" href=\"https:\/\/martignoni.ch\/fr\/arbeitsbeispiele\/peek-zahnrad\/\" \/>\n<meta property=\"og:locale\" content=\"fr_FR\" \/>\n<meta property=\"og:type\" content=\"article\" \/>\n<meta property=\"og:title\" content=\"PEEK-Zahnrad - Martignoni\" \/>\n<meta property=\"og:description\" content=\"ArbeitsbeispieleSchauen Sie genau hin \u2014das sieht doch PEEK-fein aus!PEEK ist ein High-Tech Material mit ganz besonderen Eigenschaften wie beispielsweisesehr hohe W\u00e4rmeformbest\u00e4ndigkeitsehr gute Chemikalienbest\u00e4ndigkeitsehr gute Hydrolysebest\u00e4ndigkeitgute Festigkeithohe Steifigkeitund noch einiges mehr \u2026Nebenstehende Teile fertigen wir neu kosteng\u00fcnstiger und aus einem St\u00fcck aus PEEK statt aus Metall. F\u00fcr die anspruchsvolle Verarbeitung dieses Materials sind wir mit der [&hellip;]\" \/>\n<meta property=\"og:url\" content=\"https:\/\/martignoni.ch\/fr\/arbeitsbeispiele\/peek-zahnrad\/\" \/>\n<meta property=\"og:site_name\" content=\"Martignoni\" \/>\n<meta property=\"article:modified_time\" content=\"2019-12-03T14:08:55+00:00\" \/>\n<meta name=\"twitter:card\" content=\"summary_large_image\" \/>\n<script type=\"application\/ld+json\" class=\"yoast-schema-graph\">{\"@context\":\"https:\\\/\\\/schema.org\",\"@graph\":[{\"@type\":\"WebPage\",\"@id\":\"https:\\\/\\\/martignoni.ch\\\/fr\\\/arbeitsbeispiele\\\/peek-zahnrad\\\/\",\"url\":\"https:\\\/\\\/martignoni.ch\\\/fr\\\/arbeitsbeispiele\\\/peek-zahnrad\\\/\",\"name\":\"PEEK-Zahnrad - Martignoni\",\"isPartOf\":{\"@id\":\"https:\\\/\\\/martignoni.ch\\\/fr\\\/#website\"},\"datePublished\":\"2019-11-06T09:35:44+00:00\",\"dateModified\":\"2019-12-03T14:08:55+00:00\",\"breadcrumb\":{\"@id\":\"https:\\\/\\\/martignoni.ch\\\/fr\\\/arbeitsbeispiele\\\/peek-zahnrad\\\/#breadcrumb\"},\"inLanguage\":\"fr-FR\",\"potentialAction\":[{\"@type\":\"ReadAction\",\"target\":[\"https:\\\/\\\/martignoni.ch\\\/fr\\\/arbeitsbeispiele\\\/peek-zahnrad\\\/\"]}]},{\"@type\":\"BreadcrumbList\",\"@id\":\"https:\\\/\\\/martignoni.ch\\\/fr\\\/arbeitsbeispiele\\\/peek-zahnrad\\\/#breadcrumb\",\"itemListElement\":[{\"@type\":\"ListItem\",\"position\":1,\"name\":\"Home\",\"item\":\"https:\\\/\\\/martignoni.ch\\\/fr\\\/bienvenue\\\/\"},{\"@type\":\"ListItem\",\"position\":2,\"name\":\"Arbeitsbeispiele\",\"item\":\"https:\\\/\\\/martignoni.ch\\\/fr\\\/arbeitsbeispiele\\\/\"},{\"@type\":\"ListItem\",\"position\":3,\"name\":\"PEEK-Zahnrad\"}]},{\"@type\":\"WebSite\",\"@id\":\"https:\\\/\\\/martignoni.ch\\\/fr\\\/#website\",\"url\":\"https:\\\/\\\/martignoni.ch\\\/fr\\\/\",\"name\":\"Martignoni\",\"description\":\"\",\"potentialAction\":[{\"@type\":\"SearchAction\",\"target\":{\"@type\":\"EntryPoint\",\"urlTemplate\":\"https:\\\/\\\/martignoni.ch\\\/fr\\\/?s={search_term_string}\"},\"query-input\":{\"@type\":\"PropertyValueSpecification\",\"valueRequired\":true,\"valueName\":\"search_term_string\"}}],\"inLanguage\":\"fr-FR\"}]}<\/script>\n<!-- \/ Yoast SEO plugin. -->","yoast_head_json":{"title":"PEEK-Zahnrad - Martignoni","robots":{"index":"index","follow":"follow","max-snippet":"max-snippet:-1","max-image-preview":"max-image-preview:large","max-video-preview":"max-video-preview:-1"},"canonical":"https:\/\/martignoni.ch\/fr\/arbeitsbeispiele\/peek-zahnrad\/","og_locale":"fr_FR","og_type":"article","og_title":"PEEK-Zahnrad - Martignoni","og_description":"ArbeitsbeispieleSchauen Sie genau hin \u2014das sieht doch PEEK-fein aus!PEEK ist ein High-Tech Material mit ganz besonderen Eigenschaften wie beispielsweisesehr hohe W\u00e4rmeformbest\u00e4ndigkeitsehr gute Chemikalienbest\u00e4ndigkeitsehr gute Hydrolysebest\u00e4ndigkeitgute Festigkeithohe Steifigkeitund noch einiges mehr \u2026Nebenstehende Teile fertigen wir neu kosteng\u00fcnstiger und aus einem St\u00fcck aus PEEK statt aus Metall. F\u00fcr die anspruchsvolle Verarbeitung dieses Materials sind wir mit der [&hellip;]","og_url":"https:\/\/martignoni.ch\/fr\/arbeitsbeispiele\/peek-zahnrad\/","og_site_name":"Martignoni","article_modified_time":"2019-12-03T14:08:55+00:00","twitter_card":"summary_large_image","schema":{"@context":"https:\/\/schema.org","@graph":[{"@type":"WebPage","@id":"https:\/\/martignoni.ch\/fr\/arbeitsbeispiele\/peek-zahnrad\/","url":"https:\/\/martignoni.ch\/fr\/arbeitsbeispiele\/peek-zahnrad\/","name":"PEEK-Zahnrad - Martignoni","isPartOf":{"@id":"https:\/\/martignoni.ch\/fr\/#website"},"datePublished":"2019-11-06T09:35:44+00:00","dateModified":"2019-12-03T14:08:55+00:00","breadcrumb":{"@id":"https:\/\/martignoni.ch\/fr\/arbeitsbeispiele\/peek-zahnrad\/#breadcrumb"},"inLanguage":"fr-FR","potentialAction":[{"@type":"ReadAction","target":["https:\/\/martignoni.ch\/fr\/arbeitsbeispiele\/peek-zahnrad\/"]}]},{"@type":"BreadcrumbList","@id":"https:\/\/martignoni.ch\/fr\/arbeitsbeispiele\/peek-zahnrad\/#breadcrumb","itemListElement":[{"@type":"ListItem","position":1,"name":"Home","item":"https:\/\/martignoni.ch\/fr\/bienvenue\/"},{"@type":"ListItem","position":2,"name":"Arbeitsbeispiele","item":"https:\/\/martignoni.ch\/fr\/arbeitsbeispiele\/"},{"@type":"ListItem","position":3,"name":"PEEK-Zahnrad"}]},{"@type":"WebSite","@id":"https:\/\/martignoni.ch\/fr\/#website","url":"https:\/\/martignoni.ch\/fr\/","name":"Martignoni","description":"","potentialAction":[{"@type":"SearchAction","target":{"@type":"EntryPoint","urlTemplate":"https:\/\/martignoni.ch\/fr\/?s={search_term_string}"},"query-input":{"@type":"PropertyValueSpecification","valueRequired":true,"valueName":"search_term_string"}}],"inLanguage":"fr-FR"}]}},"_links":{"self":[{"href":"https:\/\/martignoni.ch\/fr\/wp-json\/wp\/v2\/pages\/441","targetHints":{"allow":["GET"]}}],"collection":[{"href":"https:\/\/martignoni.ch\/fr\/wp-json\/wp\/v2\/pages"}],"about":[{"href":"https:\/\/martignoni.ch\/fr\/wp-json\/wp\/v2\/types\/page"}],"author":[{"embeddable":true,"href":"https:\/\/martignoni.ch\/fr\/wp-json\/wp\/v2\/users\/1"}],"replies":[{"embeddable":true,"href":"https:\/\/martignoni.ch\/fr\/wp-json\/wp\/v2\/comments?post=441"}],"version-history":[{"count":4,"href":"https:\/\/martignoni.ch\/fr\/wp-json\/wp\/v2\/pages\/441\/revisions"}],"predecessor-version":[{"id":1597,"href":"https:\/\/martignoni.ch\/fr\/wp-json\/wp\/v2\/pages\/441\/revisions\/1597"}],"up":[{"embeddable":true,"href":"https:\/\/martignoni.ch\/fr\/wp-json\/wp\/v2\/pages\/416"}],"wp:attachment":[{"href":"https:\/\/martignoni.ch\/fr\/wp-json\/wp\/v2\/media?parent=441"}],"curies":[{"name":"wp","href":"https:\/\/api.w.org\/{rel}","templated":true}]}}