{"id":457,"date":"2019-11-06T06:32:46","date_gmt":"2019-11-06T06:32:46","guid":{"rendered":"http:\/\/martignoni.ch\/high-tech\/"},"modified":"2019-12-11T11:32:37","modified_gmt":"2019-12-11T11:32:37","slug":"high-tech","status":"publish","type":"page","link":"https:\/\/martignoni.ch\/fr\/high-tech\/","title":{"rendered":"High-Tech"},"content":{"rendered":"<div class=\"vce-row-container\"><div class=\"vce-row vce-row--col-gap-30 rootclass vce-row-columns--top vce-row-content--top\" id=\"el-26a6626d\" data-vce-do-apply=\"all el-26a6626d\"><div class=\"vce-content-background-container\"><\/div><div class=\"vce-row-content\" data-vce-element-content=\"true\"><div class=\"vce-col vce-col--md-30p vce-col--xs-1 vce-col--xs-last vce-col--xs-first vce-col--sm-last vce-col--sm-first vce-col--md-first vce-col--lg-first vce-col--xl-first mainleft\" id=\"el-ed4930c8\"><div class=\"vce-col-inner\" data-vce-do-apply=\"border margin background  el-ed4930c8\"><div class=\"vce-col-content\" data-vce-element-content=\"true\" data-vce-do-apply=\"padding el-ed4930c8\"><\/div><\/div><\/div><div class=\"vce-col vce-col--md-70p vce-col--xs-1 vce-col--xs-last vce-col--xs-first vce-col--sm-last vce-col--sm-first vce-col--md-last vce-col--lg-last vce-col--xl-last mainright\" id=\"el-e3df0ac8\"><div class=\"vce-col-inner\" data-vce-do-apply=\"border margin background  el-e3df0ac8\"><div class=\"vce-col-content\" data-vce-element-content=\"true\" data-vce-do-apply=\"padding el-e3df0ac8\"><div class=\"vce-empty-space-container\" id=\"el-1122c57b\" data-vce-do-apply=\"margin el-1122c57b\"><div class=\"vce vce-empty-space vce-empty-space--height-25px--400px--400px--400px--400px--400px\" data-vce-do-apply=\"border padding background  el-1122c57b\"><\/div><\/div><div class=\"vce-text-block\"><div class=\"vce-text-block-wrapper vce\" id=\"el-a79c2b33\" data-vce-do-apply=\"all el-a79c2b33\"><h2>High-Tech<\/h2><h1>Nous comprenons votre probl\u00e9matique.<br>Et notre m\u00e9tier.<\/h1><\/div><\/div><div class=\"vce-text-block smallfixedwidth\"><div class=\"vce-text-block-wrapper vce\" id=\"el-68ead4f0\" data-vce-do-apply=\"all el-68ead4f0\"><p>Nous sommes votre partenaire et vous offrons des solutions sur mesure. La qualit\u00e9 et le prix \u00e9tant d\u00e9terminants, nous mettons \u00e0 votre service nos d\u00e9cennies d\u2019exp\u00e9rience et de savoir-faire technologique pour mettre mieux \u00e0 profit les caract\u00e9ristiques des mati\u00e8res plastiques.<\/p><p>Etre votre partenaire et la volont\u00e9 de le rester nous motive pour donner le meilleur de nous. En \u00e9troite collaboration avec vous, nous transformons vos id\u00e9es en produits, adapt\u00e9s \u00e0 vos besoins et \u00e0 des prix attractifs. Quel est le r\u00f4le et la sollicitation de la pi\u00e8ce? Quel type et quantit\u00e9 de pi\u00e8ces justifie quel effort commercial? Ces questions n\u00e9cessitent le conseil de sp\u00e9cialistes.<\/p><p>Ce conseil, doit \u00eatre suivi de la r\u00e9alisation \u2013 fiable, rigoureuse et, avant tout, ponctuelle.<\/p><p><strong>Vous pouvez compter sur nous.<\/strong><\/p><\/div><\/div><\/div><\/div><\/div><\/div><\/div><\/div><div class=\"vce-row-container\"><div class=\"vce-row vce-row--col-gap-30 vce-row-columns--top vce-row-content--top\" id=\"el-28de8717\" data-vce-do-apply=\"all el-28de8717\"><div class=\"vce-row-content\" data-vce-element-content=\"true\"><div class=\"vce-col vce-col--md-auto vce-col--xs-1 vce-col--xs-last vce-col--xs-first vce-col--sm-last vce-col--sm-first vce-col--md-last vce-col--lg-last vce-col--xl-last vce-col--md-first vce-col--lg-first vce-col--xl-first\" id=\"el-4ee37b9a\"><div class=\"vce-col-inner\" data-vce-do-apply=\"border margin background  el-4ee37b9a\"><div class=\"vce-col-content\" data-vce-element-content=\"true\" data-vce-do-apply=\"padding el-4ee37b9a\"><\/div><\/div><\/div><\/div><\/div><\/div>\n","protected":false},"excerpt":{"rendered":"<p>High-TechNous comprenons votre probl\u00e9matique.Et notre m\u00e9tier.Nous sommes votre partenaire et vous offrons des solutions sur mesure. La qualit\u00e9 et le prix \u00e9tant d\u00e9terminants, nous mettons \u00e0 votre service nos d\u00e9cennies d\u2019exp\u00e9rience et de savoir-faire technologique pour mettre mieux \u00e0 profit les caract\u00e9ristiques des mati\u00e8res plastiques.Etre votre partenaire et la volont\u00e9 de le rester nous motive [&hellip;]<\/p>\n","protected":false},"author":1,"featured_media":0,"parent":0,"menu_order":0,"comment_status":"closed","ping_status":"closed","template":"","meta":{"_genesis_hide_title":false,"_genesis_hide_breadcrumbs":false,"_genesis_hide_singular_image":false,"_genesis_hide_footer_widgets":false,"_genesis_custom_body_class":"","_genesis_custom_post_class":"","_genesis_layout":"","footnotes":""},"class_list":{"0":"post-457","1":"page","2":"type-page","3":"status-publish","5":"entry","6":"override"},"yoast_head":"<!-- This site is optimized with the Yoast SEO plugin v27.4 - https:\/\/yoast.com\/product\/yoast-seo-wordpress\/ -->\n<title>High-Tech - Martignoni<\/title>\n<meta name=\"robots\" content=\"index, follow, max-snippet:-1, max-image-preview:large, max-video-preview:-1\" \/>\n<link rel=\"canonical\" href=\"https:\/\/martignoni.ch\/fr\/high-tech\/\" \/>\n<meta property=\"og:locale\" content=\"fr_FR\" \/>\n<meta property=\"og:type\" content=\"article\" \/>\n<meta property=\"og:title\" content=\"High-Tech - Martignoni\" \/>\n<meta property=\"og:description\" content=\"High-TechNous comprenons votre probl\u00e9matique.Et notre m\u00e9tier.Nous sommes votre partenaire et vous offrons des solutions sur mesure. La qualit\u00e9 et le prix \u00e9tant d\u00e9terminants, nous mettons \u00e0 votre service nos d\u00e9cennies d\u2019exp\u00e9rience et de savoir-faire technologique pour mettre mieux \u00e0 profit les caract\u00e9ristiques des mati\u00e8res plastiques.Etre votre partenaire et la volont\u00e9 de le rester nous motive [&hellip;]\" \/>\n<meta property=\"og:url\" content=\"https:\/\/martignoni.ch\/fr\/high-tech\/\" \/>\n<meta property=\"og:site_name\" content=\"Martignoni\" \/>\n<meta property=\"article:modified_time\" content=\"2019-12-11T11:32:37+00:00\" \/>\n<meta name=\"twitter:card\" content=\"summary_large_image\" \/>\n<meta name=\"twitter:label1\" content=\"Dur\u00e9e de lecture estim\u00e9e\" \/>\n\t<meta name=\"twitter:data1\" content=\"1 minute\" \/>\n<script type=\"application\/ld+json\" class=\"yoast-schema-graph\">{\"@context\":\"https:\\\/\\\/schema.org\",\"@graph\":[{\"@type\":\"WebPage\",\"@id\":\"https:\\\/\\\/martignoni.ch\\\/fr\\\/high-tech\\\/\",\"url\":\"https:\\\/\\\/martignoni.ch\\\/fr\\\/high-tech\\\/\",\"name\":\"High-Tech - Martignoni\",\"isPartOf\":{\"@id\":\"https:\\\/\\\/martignoni.ch\\\/fr\\\/#website\"},\"datePublished\":\"2019-11-06T06:32:46+00:00\",\"dateModified\":\"2019-12-11T11:32:37+00:00\",\"breadcrumb\":{\"@id\":\"https:\\\/\\\/martignoni.ch\\\/fr\\\/high-tech\\\/#breadcrumb\"},\"inLanguage\":\"fr-FR\",\"potentialAction\":[{\"@type\":\"ReadAction\",\"target\":[\"https:\\\/\\\/martignoni.ch\\\/fr\\\/high-tech\\\/\"]}]},{\"@type\":\"BreadcrumbList\",\"@id\":\"https:\\\/\\\/martignoni.ch\\\/fr\\\/high-tech\\\/#breadcrumb\",\"itemListElement\":[{\"@type\":\"ListItem\",\"position\":1,\"name\":\"Home\",\"item\":\"https:\\\/\\\/martignoni.ch\\\/fr\\\/bienvenue\\\/\"},{\"@type\":\"ListItem\",\"position\":2,\"name\":\"High-Tech\"}]},{\"@type\":\"WebSite\",\"@id\":\"https:\\\/\\\/martignoni.ch\\\/fr\\\/#website\",\"url\":\"https:\\\/\\\/martignoni.ch\\\/fr\\\/\",\"name\":\"Martignoni\",\"description\":\"\",\"potentialAction\":[{\"@type\":\"SearchAction\",\"target\":{\"@type\":\"EntryPoint\",\"urlTemplate\":\"https:\\\/\\\/martignoni.ch\\\/fr\\\/?s={search_term_string}\"},\"query-input\":{\"@type\":\"PropertyValueSpecification\",\"valueRequired\":true,\"valueName\":\"search_term_string\"}}],\"inLanguage\":\"fr-FR\"}]}<\/script>\n<!-- \/ Yoast SEO plugin. -->","yoast_head_json":{"title":"High-Tech - Martignoni","robots":{"index":"index","follow":"follow","max-snippet":"max-snippet:-1","max-image-preview":"max-image-preview:large","max-video-preview":"max-video-preview:-1"},"canonical":"https:\/\/martignoni.ch\/fr\/high-tech\/","og_locale":"fr_FR","og_type":"article","og_title":"High-Tech - Martignoni","og_description":"High-TechNous comprenons votre probl\u00e9matique.Et notre m\u00e9tier.Nous sommes votre partenaire et vous offrons des solutions sur mesure. La qualit\u00e9 et le prix \u00e9tant d\u00e9terminants, nous mettons \u00e0 votre service nos d\u00e9cennies d\u2019exp\u00e9rience et de savoir-faire technologique pour mettre mieux \u00e0 profit les caract\u00e9ristiques des mati\u00e8res plastiques.Etre votre partenaire et la volont\u00e9 de le rester nous motive [&hellip;]","og_url":"https:\/\/martignoni.ch\/fr\/high-tech\/","og_site_name":"Martignoni","article_modified_time":"2019-12-11T11:32:37+00:00","twitter_card":"summary_large_image","twitter_misc":{"Dur\u00e9e de lecture estim\u00e9e":"1 minute"},"schema":{"@context":"https:\/\/schema.org","@graph":[{"@type":"WebPage","@id":"https:\/\/martignoni.ch\/fr\/high-tech\/","url":"https:\/\/martignoni.ch\/fr\/high-tech\/","name":"High-Tech - Martignoni","isPartOf":{"@id":"https:\/\/martignoni.ch\/fr\/#website"},"datePublished":"2019-11-06T06:32:46+00:00","dateModified":"2019-12-11T11:32:37+00:00","breadcrumb":{"@id":"https:\/\/martignoni.ch\/fr\/high-tech\/#breadcrumb"},"inLanguage":"fr-FR","potentialAction":[{"@type":"ReadAction","target":["https:\/\/martignoni.ch\/fr\/high-tech\/"]}]},{"@type":"BreadcrumbList","@id":"https:\/\/martignoni.ch\/fr\/high-tech\/#breadcrumb","itemListElement":[{"@type":"ListItem","position":1,"name":"Home","item":"https:\/\/martignoni.ch\/fr\/bienvenue\/"},{"@type":"ListItem","position":2,"name":"High-Tech"}]},{"@type":"WebSite","@id":"https:\/\/martignoni.ch\/fr\/#website","url":"https:\/\/martignoni.ch\/fr\/","name":"Martignoni","description":"","potentialAction":[{"@type":"SearchAction","target":{"@type":"EntryPoint","urlTemplate":"https:\/\/martignoni.ch\/fr\/?s={search_term_string}"},"query-input":{"@type":"PropertyValueSpecification","valueRequired":true,"valueName":"search_term_string"}}],"inLanguage":"fr-FR"}]}},"_links":{"self":[{"href":"https:\/\/martignoni.ch\/fr\/wp-json\/wp\/v2\/pages\/457","targetHints":{"allow":["GET"]}}],"collection":[{"href":"https:\/\/martignoni.ch\/fr\/wp-json\/wp\/v2\/pages"}],"about":[{"href":"https:\/\/martignoni.ch\/fr\/wp-json\/wp\/v2\/types\/page"}],"author":[{"embeddable":true,"href":"https:\/\/martignoni.ch\/fr\/wp-json\/wp\/v2\/users\/1"}],"replies":[{"embeddable":true,"href":"https:\/\/martignoni.ch\/fr\/wp-json\/wp\/v2\/comments?post=457"}],"version-history":[{"count":11,"href":"https:\/\/martignoni.ch\/fr\/wp-json\/wp\/v2\/pages\/457\/revisions"}],"predecessor-version":[{"id":1748,"href":"https:\/\/martignoni.ch\/fr\/wp-json\/wp\/v2\/pages\/457\/revisions\/1748"}],"wp:attachment":[{"href":"https:\/\/martignoni.ch\/fr\/wp-json\/wp\/v2\/media?parent=457"}],"curies":[{"name":"wp","href":"https:\/\/api.w.org\/{rel}","templated":true}]}}