{"id":467,"date":"2019-11-06T06:34:22","date_gmt":"2019-11-06T06:34:22","guid":{"rendered":"http:\/\/martignoni.ch\/kontakt\/"},"modified":"2025-03-21T13:10:07","modified_gmt":"2025-03-21T13:10:07","slug":"kontakt","status":"publish","type":"page","link":"https:\/\/martignoni.ch\/fr\/kontakt\/","title":{"rendered":"Kontakt"},"content":{"rendered":"<div class=\"vce-row-container\" data-vce-boxed-width=\"true\"><div class=\"vce-row vce-row--col-gap-30 vce-row-content--top\" id=\"el-26a6626d\" data-vce-do-apply=\"all el-26a6626d\"><div class=\"vce-row-content\" data-vce-element-content=\"true\"><div class=\"vce-col vce-col--md-30p vce-col--xs-1 vce-col--xs-last vce-col--xs-first vce-col--sm-last vce-col--sm-first vce-col--md-first vce-col--lg-first vce-col--xl-first\" id=\"el-ed4930c8\"><div class=\"vce-col-inner\" data-vce-do-apply=\"border margin background  el-ed4930c8\"><div class=\"vce-col-content\" data-vce-element-content=\"true\" data-vce-do-apply=\"padding el-ed4930c8\"><div class=\"vce-single-image-container vce-single-image--align-left\"><div class=\"vce vce-single-image-wrapper\" id=\"el-2f1aebcf\" data-vce-do-apply=\"all el-2f1aebcf\"><figure><div class=\"vce-single-image-figure-inner\" style=\"width: 475px;\"><div class=\"vce-single-image-inner vce-single-image--absolute\" style=\"width: 100%; padding-bottom: 126.526%;\"><img decoding=\"async\" class=\"vce-single-image\" src=\"https:\/\/martignoni.ch\/wp-content\/uploads\/2019\/10\/pic1.jpg\" data-img-src=\"https:\/\/martignoni.ch\/wp-content\/uploads\/2019\/10\/pic1.jpg\" data-attachment-id=\"51\" alt=\"\" title=\"pic1\"><\/div><\/div><figcaption hidden=\"\"><\/figcaption><\/figure><\/div><\/div><\/div><\/div><\/div><div class=\"vce-col vce-col--md-70p vce-col--xs-1 vce-col--xs-last vce-col--xs-first vce-col--sm-last vce-col--sm-first vce-col--md-last vce-col--lg-last vce-col--xl-last\" id=\"el-e3df0ac8\"><div class=\"vce-col-inner\" data-vce-do-apply=\"border margin background  el-e3df0ac8\"><div class=\"vce-content-background-container\"><\/div><div class=\"vce-col-content\" data-vce-element-content=\"true\" data-vce-do-apply=\"padding el-e3df0ac8\"><div class=\"vce-empty-space-container\" id=\"el-1122c57b\" data-vce-do-apply=\"margin el-1122c57b\"><div class=\"vce vce-empty-space vce-empty-space--height-[object Object]--[object Object]--[object Object]--[object Object]--[object Object]--[object Object]\" data-vce-do-apply=\"border padding background  el-1122c57b\"><\/div><\/div><div class=\"vce-text-block\"><div class=\"vce-text-block-wrapper vce\" id=\"el-a79c2b33\" data-vce-do-apply=\"all el-a79c2b33\"><h2>Leistungsspektrum<\/h2><h1>Unsere Kompetenz verdient Ihr Vertrauen<\/h1><\/div><\/div><div class=\"vce-text-block smallfixedwidth\"><div class=\"vce-text-block-wrapper vce\" id=\"el-68ead4f0\" data-vce-do-apply=\"all el-68ead4f0\"><p>Die Vielfalt der heute in der Kunststoffverarbeitung verwendeten Werkstoffe ist komplex. Unsere Spezialisten verf\u00fcgen \u00fcber fundiertes und aktuelles Fachwissen kombiniert mit praxiserprobter Erfahrung. Wir setzen uns ein, gemeinsam mit Ihnen das f\u00fcr Ihr Produkt am besten geeignete Material und den effizientesten Fertigungsprozess zu finden. Wir bieten massgeschneiderte L\u00f6sungen f\u00fcr individuelle Bed\u00fcrfnisse.<\/p><p>Unsere St\u00e4rken liegen im eigenen Werkzeugbau, der Montage von ganzen Baugruppen, einem \u00e4usserst leistungsf\u00e4higen Maschinenpark sowie in der Veredelung.<\/p><p>Kontaktieren Sie uns, wir beraten Sie gerne!<\/p><\/div><\/div><div class=\"vce-shortcode\"><div class=\"vce-shortcode-wrapper vce\" id=\"el-9f882719\" data-vce-do-apply=\"all el-9f882719\">\n<div class=\"wpcf7 no-js\" id=\"wpcf7-f637-o1\" lang=\"de-DE\" dir=\"ltr\" data-wpcf7-id=\"637\">\n<div class=\"screen-reader-response\"><p role=\"status\" aria-live=\"polite\" aria-atomic=\"true\"><\/p> <ul><\/ul><\/div>\n<form action=\"\/fr\/wp-json\/wp\/v2\/pages\/467#wpcf7-f637-o1\" method=\"post\" class=\"wpcf7-form init\" aria-label=\"Kontaktformular\" novalidate=\"novalidate\" data-status=\"init\">\n<fieldset class=\"hidden-fields-container\"><input type=\"hidden\" name=\"_wpcf7\" value=\"637\" \/><input type=\"hidden\" name=\"_wpcf7_version\" value=\"6.1.5\" \/><input type=\"hidden\" name=\"_wpcf7_locale\" value=\"de_DE\" \/><input type=\"hidden\" name=\"_wpcf7_unit_tag\" value=\"wpcf7-f637-o1\" \/><input type=\"hidden\" name=\"_wpcf7_container_post\" value=\"0\" \/><input type=\"hidden\" name=\"_wpcf7_posted_data_hash\" value=\"\" \/><input type=\"hidden\" name=\"_wpcf7_recaptcha_response\" value=\"\" \/>\n<\/fieldset>\n<p><span class=\"wpcf7-form-control-wrap\" data-name=\"radio-341\"><span class=\"wpcf7-form-control wpcf7-radio\"><span class=\"wpcf7-list-item first\"><input type=\"radio\" name=\"radio-341\" value=\"M.\" checked=\"checked\" \/><span class=\"wpcf7-list-item-label\">M.<\/span><\/span><span class=\"wpcf7-list-item last\"><input type=\"radio\" name=\"radio-341\" value=\"Mme.\" \/><span class=\"wpcf7-list-item-label\">Mme.<\/span><\/span><\/span><\/span>\n<\/p>\n<p><label> Entreprise:<br \/>\n<span class=\"wpcf7-form-control-wrap\" data-name=\"entreprise\"><input size=\"40\" maxlength=\"400\" class=\"wpcf7-form-control wpcf7-text wpcf7-validates-as-required\" aria-required=\"true\" aria-invalid=\"false\" value=\"\" type=\"text\" name=\"entreprise\" \/><\/span> <\/label>\n<\/p>\n<p><label> Nom:<br \/>\n<span class=\"wpcf7-form-control-wrap\" data-name=\"nom\"><input size=\"40\" maxlength=\"400\" class=\"wpcf7-form-control wpcf7-text wpcf7-validates-as-required\" aria-required=\"true\" aria-invalid=\"false\" value=\"\" type=\"text\" name=\"nom\" \/><\/span> <\/label>\n<\/p>\n<p><label> Pr\u00e9nom:<br \/>\n<span class=\"wpcf7-form-control-wrap\" data-name=\"prenom\"><input size=\"40\" maxlength=\"400\" class=\"wpcf7-form-control wpcf7-text wpcf7-validates-as-required\" aria-required=\"true\" aria-invalid=\"false\" value=\"\" type=\"text\" name=\"prenom\" \/><\/span> <\/label>\n<\/p>\n<p><label> Fonction:<br \/>\n<span class=\"wpcf7-form-control-wrap\" data-name=\"fonction\"><input size=\"40\" maxlength=\"400\" class=\"wpcf7-form-control wpcf7-text wpcf7-validates-as-required\" aria-required=\"true\" aria-invalid=\"false\" value=\"\" type=\"text\" name=\"fonction\" \/><\/span> <\/label>\n<\/p>\n<p><label> Rue:<br \/>\n<span class=\"wpcf7-form-control-wrap\" data-name=\"rue\"><input size=\"40\" maxlength=\"400\" class=\"wpcf7-form-control wpcf7-text wpcf7-validates-as-required\" aria-required=\"true\" aria-invalid=\"false\" value=\"\" type=\"text\" name=\"rue\" \/><\/span> <\/label>\n<\/p>\n<p><label> Code Postal\/Lieu:<br \/>\n<span class=\"wpcf7-form-control-wrap\" data-name=\"codepostal\"><input size=\"40\" maxlength=\"400\" class=\"wpcf7-form-control wpcf7-text wpcf7-validates-as-required\" aria-required=\"true\" aria-invalid=\"false\" value=\"\" type=\"text\" name=\"codepostal\" \/><\/span> <\/label>\n<\/p>\n<p><label> Pays:<br \/>\n<span class=\"wpcf7-form-control-wrap\" data-name=\"pays\"><input size=\"40\" maxlength=\"400\" class=\"wpcf7-form-control wpcf7-text wpcf7-validates-as-required\" aria-required=\"true\" aria-invalid=\"false\" value=\"\" type=\"text\" name=\"pays\" \/><\/span> <\/label>\n<\/p>\n<p><label> T\u00e9l\u00e9phone:<br \/>\n<span class=\"wpcf7-form-control-wrap\" data-name=\"telephone\"><input size=\"40\" maxlength=\"400\" class=\"wpcf7-form-control wpcf7-text wpcf7-validates-as-required\" aria-required=\"true\" aria-invalid=\"false\" value=\"\" type=\"text\" name=\"telephone\" \/><\/span> <\/label>\n<\/p>\n<p><label> Fax:<br \/>\n<span class=\"wpcf7-form-control-wrap\" data-name=\"fax\"><input size=\"40\" maxlength=\"400\" class=\"wpcf7-form-control wpcf7-text wpcf7-validates-as-required\" aria-required=\"true\" aria-invalid=\"false\" value=\"\" type=\"text\" name=\"fax\" \/><\/span> <\/label>\n<\/p>\n<p><label> Email:<br \/>\n<span class=\"wpcf7-form-control-wrap\" data-name=\"email\"><input size=\"40\" maxlength=\"400\" class=\"wpcf7-form-control wpcf7-email wpcf7-validates-as-required wpcf7-text wpcf7-validates-as-email\" aria-required=\"true\" aria-invalid=\"false\" value=\"\" type=\"email\" name=\"email\" \/><\/span> <\/label>\n<\/p>\n<p><label> Remarque:<br \/>\n<span class=\"wpcf7-form-control-wrap\" data-name=\"remarque\"><textarea cols=\"40\" rows=\"10\" maxlength=\"2000\" class=\"wpcf7-form-control wpcf7-textarea\" aria-invalid=\"false\" name=\"remarque\"><\/textarea><\/span> <\/label>\n<\/p>\n\n<p><input class=\"wpcf7-form-control wpcf7-submit has-spinner\" type=\"submit\" value=\"Envoy\u00e9\" \/>\n<\/p><p style=\"display: none !important;\" class=\"akismet-fields-container\" data-prefix=\"_wpcf7_ak_\"><label>&#916;<textarea name=\"_wpcf7_ak_hp_textarea\" cols=\"45\" rows=\"8\" maxlength=\"100\"><\/textarea><\/label><input type=\"hidden\" id=\"ak_js_1\" name=\"_wpcf7_ak_js\" value=\"33\"\/><script>document.getElementById( \"ak_js_1\" ).setAttribute( \"value\", ( new Date() ).getTime() );<\/script><\/p><div class=\"wpcf7-response-output\" aria-hidden=\"true\"><\/div>\n<\/form>\n<\/div>\n<\/div><\/div><\/div><\/div><\/div><\/div><\/div><\/div>\n","protected":false},"excerpt":{"rendered":"<p>LeistungsspektrumUnsere Kompetenz verdient Ihr VertrauenDie Vielfalt der heute in der Kunststoffverarbeitung verwendeten Werkstoffe ist komplex. Unsere Spezialisten verf\u00fcgen \u00fcber fundiertes und aktuelles Fachwissen kombiniert mit praxiserprobter Erfahrung. Wir setzen uns ein, gemeinsam mit Ihnen das f\u00fcr Ihr Produkt am besten geeignete Material und den effizientesten Fertigungsprozess zu finden. Wir bieten massgeschneiderte L\u00f6sungen f\u00fcr individuelle Bed\u00fcrfnisse.Unsere [&hellip;]<\/p>\n","protected":false},"author":1,"featured_media":0,"parent":0,"menu_order":0,"comment_status":"closed","ping_status":"closed","template":"","meta":{"_genesis_hide_title":false,"_genesis_hide_breadcrumbs":false,"_genesis_hide_singular_image":false,"_genesis_hide_footer_widgets":false,"_genesis_custom_body_class":"","_genesis_custom_post_class":"","_genesis_layout":"","footnotes":""},"class_list":{"0":"post-467","1":"page","2":"type-page","3":"status-publish","5":"entry","6":"override"},"yoast_head":"<!-- This site is optimized with the Yoast SEO plugin v27.4 - https:\/\/yoast.com\/product\/yoast-seo-wordpress\/ -->\n<title>Kontakt - Martignoni<\/title>\n<meta name=\"robots\" content=\"index, follow, max-snippet:-1, max-image-preview:large, max-video-preview:-1\" \/>\n<link rel=\"canonical\" href=\"https:\/\/martignoni.ch\/fr\/kontakt\/\" \/>\n<meta property=\"og:locale\" content=\"fr_FR\" \/>\n<meta property=\"og:type\" content=\"article\" \/>\n<meta property=\"og:title\" content=\"Kontakt - Martignoni\" \/>\n<meta property=\"og:description\" content=\"LeistungsspektrumUnsere Kompetenz verdient Ihr VertrauenDie Vielfalt der heute in der Kunststoffverarbeitung verwendeten Werkstoffe ist komplex. Unsere Spezialisten verf\u00fcgen \u00fcber fundiertes und aktuelles Fachwissen kombiniert mit praxiserprobter Erfahrung. Wir setzen uns ein, gemeinsam mit Ihnen das f\u00fcr Ihr Produkt am besten geeignete Material und den effizientesten Fertigungsprozess zu finden. Wir bieten massgeschneiderte L\u00f6sungen f\u00fcr individuelle Bed\u00fcrfnisse.Unsere [&hellip;]\" \/>\n<meta property=\"og:url\" content=\"https:\/\/martignoni.ch\/fr\/kontakt\/\" \/>\n<meta property=\"og:site_name\" content=\"Martignoni\" \/>\n<meta property=\"article:modified_time\" content=\"2025-03-21T13:10:07+00:00\" \/>\n<meta name=\"twitter:card\" content=\"summary_large_image\" \/>\n<script type=\"application\/ld+json\" class=\"yoast-schema-graph\">{\"@context\":\"https:\\\/\\\/schema.org\",\"@graph\":[{\"@type\":\"WebPage\",\"@id\":\"https:\\\/\\\/martignoni.ch\\\/fr\\\/kontakt\\\/\",\"url\":\"https:\\\/\\\/martignoni.ch\\\/fr\\\/kontakt\\\/\",\"name\":\"Kontakt - Martignoni\",\"isPartOf\":{\"@id\":\"https:\\\/\\\/martignoni.ch\\\/fr\\\/#website\"},\"datePublished\":\"2019-11-06T06:34:22+00:00\",\"dateModified\":\"2025-03-21T13:10:07+00:00\",\"breadcrumb\":{\"@id\":\"https:\\\/\\\/martignoni.ch\\\/fr\\\/kontakt\\\/#breadcrumb\"},\"inLanguage\":\"fr-FR\",\"potentialAction\":[{\"@type\":\"ReadAction\",\"target\":[\"https:\\\/\\\/martignoni.ch\\\/fr\\\/kontakt\\\/\"]}]},{\"@type\":\"BreadcrumbList\",\"@id\":\"https:\\\/\\\/martignoni.ch\\\/fr\\\/kontakt\\\/#breadcrumb\",\"itemListElement\":[{\"@type\":\"ListItem\",\"position\":1,\"name\":\"Home\",\"item\":\"https:\\\/\\\/martignoni.ch\\\/fr\\\/bienvenue\\\/\"},{\"@type\":\"ListItem\",\"position\":2,\"name\":\"Kontakt\"}]},{\"@type\":\"WebSite\",\"@id\":\"https:\\\/\\\/martignoni.ch\\\/fr\\\/#website\",\"url\":\"https:\\\/\\\/martignoni.ch\\\/fr\\\/\",\"name\":\"Martignoni\",\"description\":\"\",\"potentialAction\":[{\"@type\":\"SearchAction\",\"target\":{\"@type\":\"EntryPoint\",\"urlTemplate\":\"https:\\\/\\\/martignoni.ch\\\/fr\\\/?s={search_term_string}\"},\"query-input\":{\"@type\":\"PropertyValueSpecification\",\"valueRequired\":true,\"valueName\":\"search_term_string\"}}],\"inLanguage\":\"fr-FR\"}]}<\/script>\n<!-- \/ Yoast SEO plugin. -->","yoast_head_json":{"title":"Kontakt - Martignoni","robots":{"index":"index","follow":"follow","max-snippet":"max-snippet:-1","max-image-preview":"max-image-preview:large","max-video-preview":"max-video-preview:-1"},"canonical":"https:\/\/martignoni.ch\/fr\/kontakt\/","og_locale":"fr_FR","og_type":"article","og_title":"Kontakt - Martignoni","og_description":"LeistungsspektrumUnsere Kompetenz verdient Ihr VertrauenDie Vielfalt der heute in der Kunststoffverarbeitung verwendeten Werkstoffe ist komplex. Unsere Spezialisten verf\u00fcgen \u00fcber fundiertes und aktuelles Fachwissen kombiniert mit praxiserprobter Erfahrung. Wir setzen uns ein, gemeinsam mit Ihnen das f\u00fcr Ihr Produkt am besten geeignete Material und den effizientesten Fertigungsprozess zu finden. Wir bieten massgeschneiderte L\u00f6sungen f\u00fcr individuelle Bed\u00fcrfnisse.Unsere [&hellip;]","og_url":"https:\/\/martignoni.ch\/fr\/kontakt\/","og_site_name":"Martignoni","article_modified_time":"2025-03-21T13:10:07+00:00","twitter_card":"summary_large_image","schema":{"@context":"https:\/\/schema.org","@graph":[{"@type":"WebPage","@id":"https:\/\/martignoni.ch\/fr\/kontakt\/","url":"https:\/\/martignoni.ch\/fr\/kontakt\/","name":"Kontakt - Martignoni","isPartOf":{"@id":"https:\/\/martignoni.ch\/fr\/#website"},"datePublished":"2019-11-06T06:34:22+00:00","dateModified":"2025-03-21T13:10:07+00:00","breadcrumb":{"@id":"https:\/\/martignoni.ch\/fr\/kontakt\/#breadcrumb"},"inLanguage":"fr-FR","potentialAction":[{"@type":"ReadAction","target":["https:\/\/martignoni.ch\/fr\/kontakt\/"]}]},{"@type":"BreadcrumbList","@id":"https:\/\/martignoni.ch\/fr\/kontakt\/#breadcrumb","itemListElement":[{"@type":"ListItem","position":1,"name":"Home","item":"https:\/\/martignoni.ch\/fr\/bienvenue\/"},{"@type":"ListItem","position":2,"name":"Kontakt"}]},{"@type":"WebSite","@id":"https:\/\/martignoni.ch\/fr\/#website","url":"https:\/\/martignoni.ch\/fr\/","name":"Martignoni","description":"","potentialAction":[{"@type":"SearchAction","target":{"@type":"EntryPoint","urlTemplate":"https:\/\/martignoni.ch\/fr\/?s={search_term_string}"},"query-input":{"@type":"PropertyValueSpecification","valueRequired":true,"valueName":"search_term_string"}}],"inLanguage":"fr-FR"}]}},"_links":{"self":[{"href":"https:\/\/martignoni.ch\/fr\/wp-json\/wp\/v2\/pages\/467","targetHints":{"allow":["GET"]}}],"collection":[{"href":"https:\/\/martignoni.ch\/fr\/wp-json\/wp\/v2\/pages"}],"about":[{"href":"https:\/\/martignoni.ch\/fr\/wp-json\/wp\/v2\/types\/page"}],"author":[{"embeddable":true,"href":"https:\/\/martignoni.ch\/fr\/wp-json\/wp\/v2\/users\/1"}],"replies":[{"embeddable":true,"href":"https:\/\/martignoni.ch\/fr\/wp-json\/wp\/v2\/comments?post=467"}],"version-history":[{"count":3,"href":"https:\/\/martignoni.ch\/fr\/wp-json\/wp\/v2\/pages\/467\/revisions"}],"predecessor-version":[{"id":3955,"href":"https:\/\/martignoni.ch\/fr\/wp-json\/wp\/v2\/pages\/467\/revisions\/3955"}],"wp:attachment":[{"href":"https:\/\/martignoni.ch\/fr\/wp-json\/wp\/v2\/media?parent=467"}],"curies":[{"name":"wp","href":"https:\/\/api.w.org\/{rel}","templated":true}]}}