{"id":474,"date":"2019-11-06T09:37:49","date_gmt":"2019-11-06T09:37:49","guid":{"rendered":"http:\/\/martignoni.ch\/kontakt\/anfahrtsplan\/"},"modified":"2019-12-11T04:27:58","modified_gmt":"2019-12-11T04:27:58","slug":"plan-dacces","status":"publish","type":"page","link":"https:\/\/martignoni.ch\/fr\/kontakt\/plan-dacces\/","title":{"rendered":"Plan d&rsquo;acc\u00e8s"},"content":{"rendered":"<div class=\"vce-row-container\"><div class=\"vce-row vce-row--col-gap-30 rootclass vce-row-columns--top vce-row-content--top\" id=\"el-26a6626d\" data-vce-do-apply=\"all el-26a6626d\"><div class=\"vce-content-background-container\"><\/div><div class=\"vce-row-content\" data-vce-element-content=\"true\"><div class=\"vce-col vce-col--md-30p vce-col--xs-1 vce-col--xs-last vce-col--xs-first vce-col--sm-last vce-col--sm-first vce-col--md-first vce-col--lg-first vce-col--xl-first mainleft\" id=\"el-ed4930c8\"><div class=\"vce-col-inner\" data-vce-do-apply=\"border margin background  el-ed4930c8\"><div class=\"vce-col-content\" data-vce-element-content=\"true\" data-vce-do-apply=\"padding el-ed4930c8\"><\/div><\/div><\/div><div class=\"vce-col vce-col--md-70p vce-col--xs-1 vce-col--xs-last vce-col--xs-first vce-col--sm-last vce-col--sm-first vce-col--md-last vce-col--lg-last vce-col--xl-last mainright\" id=\"el-e3df0ac8\"><div class=\"vce-col-inner\" data-vce-do-apply=\"border margin background  el-e3df0ac8\"><div class=\"vce-col-content\" data-vce-element-content=\"true\" data-vce-do-apply=\"padding el-e3df0ac8\"><div class=\"vce-empty-space-container\" id=\"el-1122c57b\" data-vce-do-apply=\"margin el-1122c57b\"><div class=\"vce vce-empty-space vce-empty-space--height-25px--400px--400px--400px--400px--400px\" data-vce-do-apply=\"border padding background  el-1122c57b\"><\/div><\/div><div class=\"vce-text-block\"><div class=\"vce-text-block-wrapper vce\" id=\"el-a79c2b33\" data-vce-do-apply=\"all el-a79c2b33\"><h2>Contact<\/h2><h1>Plan d'acc\u00e8s<\/h1><\/div><\/div><div class=\"vce-text-block smallfixedwidth\"><div class=\"vce-text-block-wrapper vce\" id=\"el-68ead4f0\" data-vce-do-apply=\"all el-68ead4f0\"><p><strong>Acc\u00e8s en voiture<\/strong><br>\nPour M\u00fcnsingen, prendre la sortie d'autoroute A6 direction Rubigen <\/p>\n<p>Pour d'autres informations, voir notre <a href=\"https:\/\/martignoni.ch\/wp-content\/uploads\/2019\/11\/Plan_dacces.pdf\" target=\"_blank\" rel=\"noopener noreferrer\">plan d'acc\u00e8s<\/a>.<\/p>\n<p><a href=\"https:\/\/map.search.ch\/M\u00fcnsingen,Dorfmattweg-5.fr.html?z=64\" target=\"_blank\" rel=\"noopener noreferrer\">Carte interactive<\/a> <\/p>\n\n<p><strong>Acc\u00e8s en train<\/strong> <br>\nM\u00fcnsingen est facile d'acc\u00e8s par le train \u00e0 partir de Berne. <\/p>\n\n<p>Veuillez trouver les correspondances <a href=\"https:\/\/www.sbb.ch\/fr\/home.html\" target=\"_blank\" rel=\"noopener noreferrer\">ici<\/a>. <\/p>\n\n<p>Pour d'autres informations, voir notre <a href=\"https:\/\/martignoni.ch\/wp-content\/uploads\/2019\/11\/Plan_dacces.pdf\" target=\"_blank\" rel=\"noopener noreferrer\">plan d'acc\u00e8s<\/a>.<\/p><\/div><\/div><\/div><\/div><\/div><\/div><\/div><\/div><div class=\"vce-row-container\"><div class=\"vce-row vce-row--col-gap-30 vce-row-columns--top vce-row-content--top\" id=\"el-28de8717\" data-vce-do-apply=\"all el-28de8717\"><div class=\"vce-row-content\" data-vce-element-content=\"true\"><div class=\"vce-col vce-col--md-auto vce-col--xs-1 vce-col--xs-last vce-col--xs-first vce-col--sm-last vce-col--sm-first vce-col--md-last vce-col--lg-last vce-col--xl-last vce-col--md-first vce-col--lg-first vce-col--xl-first\" id=\"el-4ee37b9a\"><div class=\"vce-col-inner\" data-vce-do-apply=\"border margin background  el-4ee37b9a\"><div class=\"vce-col-content\" data-vce-element-content=\"true\" data-vce-do-apply=\"padding el-4ee37b9a\"><\/div><\/div><\/div><\/div><\/div><\/div>\n","protected":false},"excerpt":{"rendered":"<p>ContactPlan d&rsquo;acc\u00e8sAcc\u00e8s en voiture Pour M\u00fcnsingen, prendre la sortie d&rsquo;autoroute A6 direction Rubigen Pour d&rsquo;autres informations, voir notre plan d&rsquo;acc\u00e8s. Carte interactive Acc\u00e8s en train M\u00fcnsingen est facile d&rsquo;acc\u00e8s par le train \u00e0 partir de Berne. Veuillez trouver les correspondances ici. Pour d&rsquo;autres informations, voir notre plan d&rsquo;acc\u00e8s.<\/p>\n","protected":false},"author":1,"featured_media":0,"parent":467,"menu_order":0,"comment_status":"closed","ping_status":"closed","template":"","meta":{"_genesis_hide_title":false,"_genesis_hide_breadcrumbs":false,"_genesis_hide_singular_image":false,"_genesis_hide_footer_widgets":false,"_genesis_custom_body_class":"","_genesis_custom_post_class":"","_genesis_layout":"","footnotes":""},"class_list":{"0":"post-474","1":"page","2":"type-page","3":"status-publish","5":"entry","6":"override"},"yoast_head":"<!-- This site is optimized with the Yoast SEO plugin v27.4 - https:\/\/yoast.com\/product\/yoast-seo-wordpress\/ -->\n<title>Plan d&#039;acc\u00e8s - Martignoni<\/title>\n<meta name=\"robots\" content=\"index, follow, max-snippet:-1, max-image-preview:large, max-video-preview:-1\" \/>\n<link rel=\"canonical\" href=\"https:\/\/martignoni.ch\/fr\/kontakt\/plan-dacces\/\" \/>\n<meta property=\"og:locale\" content=\"fr_FR\" \/>\n<meta property=\"og:type\" content=\"article\" \/>\n<meta property=\"og:title\" content=\"Plan d&#039;acc\u00e8s - Martignoni\" \/>\n<meta property=\"og:description\" content=\"ContactPlan d&#039;acc\u00e8sAcc\u00e8s en voiture Pour M\u00fcnsingen, prendre la sortie d&#039;autoroute A6 direction Rubigen Pour d&#039;autres informations, voir notre plan d&#039;acc\u00e8s. Carte interactive Acc\u00e8s en train M\u00fcnsingen est facile d&#039;acc\u00e8s par le train \u00e0 partir de Berne. Veuillez trouver les correspondances ici. Pour d&#039;autres informations, voir notre plan d&#039;acc\u00e8s.\" \/>\n<meta property=\"og:url\" content=\"https:\/\/martignoni.ch\/fr\/kontakt\/plan-dacces\/\" \/>\n<meta property=\"og:site_name\" content=\"Martignoni\" \/>\n<meta property=\"article:modified_time\" content=\"2019-12-11T04:27:58+00:00\" \/>\n<meta name=\"twitter:card\" content=\"summary_large_image\" \/>\n<script type=\"application\/ld+json\" class=\"yoast-schema-graph\">{\"@context\":\"https:\\\/\\\/schema.org\",\"@graph\":[{\"@type\":\"WebPage\",\"@id\":\"https:\\\/\\\/martignoni.ch\\\/fr\\\/kontakt\\\/plan-dacces\\\/\",\"url\":\"https:\\\/\\\/martignoni.ch\\\/fr\\\/kontakt\\\/plan-dacces\\\/\",\"name\":\"Plan d'acc\u00e8s - Martignoni\",\"isPartOf\":{\"@id\":\"https:\\\/\\\/martignoni.ch\\\/fr\\\/#website\"},\"datePublished\":\"2019-11-06T09:37:49+00:00\",\"dateModified\":\"2019-12-11T04:27:58+00:00\",\"breadcrumb\":{\"@id\":\"https:\\\/\\\/martignoni.ch\\\/fr\\\/kontakt\\\/plan-dacces\\\/#breadcrumb\"},\"inLanguage\":\"fr-FR\",\"potentialAction\":[{\"@type\":\"ReadAction\",\"target\":[\"https:\\\/\\\/martignoni.ch\\\/fr\\\/kontakt\\\/plan-dacces\\\/\"]}]},{\"@type\":\"BreadcrumbList\",\"@id\":\"https:\\\/\\\/martignoni.ch\\\/fr\\\/kontakt\\\/plan-dacces\\\/#breadcrumb\",\"itemListElement\":[{\"@type\":\"ListItem\",\"position\":1,\"name\":\"Home\",\"item\":\"https:\\\/\\\/martignoni.ch\\\/fr\\\/bienvenue\\\/\"},{\"@type\":\"ListItem\",\"position\":2,\"name\":\"Kontakt\",\"item\":\"https:\\\/\\\/martignoni.ch\\\/fr\\\/kontakt\\\/\"},{\"@type\":\"ListItem\",\"position\":3,\"name\":\"Plan d&#8217;acc\u00e8s\"}]},{\"@type\":\"WebSite\",\"@id\":\"https:\\\/\\\/martignoni.ch\\\/fr\\\/#website\",\"url\":\"https:\\\/\\\/martignoni.ch\\\/fr\\\/\",\"name\":\"Martignoni\",\"description\":\"\",\"potentialAction\":[{\"@type\":\"SearchAction\",\"target\":{\"@type\":\"EntryPoint\",\"urlTemplate\":\"https:\\\/\\\/martignoni.ch\\\/fr\\\/?s={search_term_string}\"},\"query-input\":{\"@type\":\"PropertyValueSpecification\",\"valueRequired\":true,\"valueName\":\"search_term_string\"}}],\"inLanguage\":\"fr-FR\"}]}<\/script>\n<!-- \/ Yoast SEO plugin. -->","yoast_head_json":{"title":"Plan d'acc\u00e8s - Martignoni","robots":{"index":"index","follow":"follow","max-snippet":"max-snippet:-1","max-image-preview":"max-image-preview:large","max-video-preview":"max-video-preview:-1"},"canonical":"https:\/\/martignoni.ch\/fr\/kontakt\/plan-dacces\/","og_locale":"fr_FR","og_type":"article","og_title":"Plan d'acc\u00e8s - Martignoni","og_description":"ContactPlan d'acc\u00e8sAcc\u00e8s en voiture Pour M\u00fcnsingen, prendre la sortie d'autoroute A6 direction Rubigen Pour d'autres informations, voir notre plan d'acc\u00e8s. Carte interactive Acc\u00e8s en train M\u00fcnsingen est facile d'acc\u00e8s par le train \u00e0 partir de Berne. Veuillez trouver les correspondances ici. Pour d'autres informations, voir notre plan d'acc\u00e8s.","og_url":"https:\/\/martignoni.ch\/fr\/kontakt\/plan-dacces\/","og_site_name":"Martignoni","article_modified_time":"2019-12-11T04:27:58+00:00","twitter_card":"summary_large_image","schema":{"@context":"https:\/\/schema.org","@graph":[{"@type":"WebPage","@id":"https:\/\/martignoni.ch\/fr\/kontakt\/plan-dacces\/","url":"https:\/\/martignoni.ch\/fr\/kontakt\/plan-dacces\/","name":"Plan d'acc\u00e8s - Martignoni","isPartOf":{"@id":"https:\/\/martignoni.ch\/fr\/#website"},"datePublished":"2019-11-06T09:37:49+00:00","dateModified":"2019-12-11T04:27:58+00:00","breadcrumb":{"@id":"https:\/\/martignoni.ch\/fr\/kontakt\/plan-dacces\/#breadcrumb"},"inLanguage":"fr-FR","potentialAction":[{"@type":"ReadAction","target":["https:\/\/martignoni.ch\/fr\/kontakt\/plan-dacces\/"]}]},{"@type":"BreadcrumbList","@id":"https:\/\/martignoni.ch\/fr\/kontakt\/plan-dacces\/#breadcrumb","itemListElement":[{"@type":"ListItem","position":1,"name":"Home","item":"https:\/\/martignoni.ch\/fr\/bienvenue\/"},{"@type":"ListItem","position":2,"name":"Kontakt","item":"https:\/\/martignoni.ch\/fr\/kontakt\/"},{"@type":"ListItem","position":3,"name":"Plan d&#8217;acc\u00e8s"}]},{"@type":"WebSite","@id":"https:\/\/martignoni.ch\/fr\/#website","url":"https:\/\/martignoni.ch\/fr\/","name":"Martignoni","description":"","potentialAction":[{"@type":"SearchAction","target":{"@type":"EntryPoint","urlTemplate":"https:\/\/martignoni.ch\/fr\/?s={search_term_string}"},"query-input":{"@type":"PropertyValueSpecification","valueRequired":true,"valueName":"search_term_string"}}],"inLanguage":"fr-FR"}]}},"_links":{"self":[{"href":"https:\/\/martignoni.ch\/fr\/wp-json\/wp\/v2\/pages\/474","targetHints":{"allow":["GET"]}}],"collection":[{"href":"https:\/\/martignoni.ch\/fr\/wp-json\/wp\/v2\/pages"}],"about":[{"href":"https:\/\/martignoni.ch\/fr\/wp-json\/wp\/v2\/types\/page"}],"author":[{"embeddable":true,"href":"https:\/\/martignoni.ch\/fr\/wp-json\/wp\/v2\/users\/1"}],"replies":[{"embeddable":true,"href":"https:\/\/martignoni.ch\/fr\/wp-json\/wp\/v2\/comments?post=474"}],"version-history":[{"count":19,"href":"https:\/\/martignoni.ch\/fr\/wp-json\/wp\/v2\/pages\/474\/revisions"}],"predecessor-version":[{"id":1727,"href":"https:\/\/martignoni.ch\/fr\/wp-json\/wp\/v2\/pages\/474\/revisions\/1727"}],"up":[{"embeddable":true,"href":"https:\/\/martignoni.ch\/fr\/wp-json\/wp\/v2\/pages\/467"}],"wp:attachment":[{"href":"https:\/\/martignoni.ch\/fr\/wp-json\/wp\/v2\/media?parent=474"}],"curies":[{"name":"wp","href":"https:\/\/api.w.org\/{rel}","templated":true}]}}