{"id":549,"date":"2019-11-06T09:30:30","date_gmt":"2019-11-06T09:30:30","guid":{"rendered":"http:\/\/martignoni.ch\/leistungsspektrum\/werkzeugbau\/"},"modified":"2019-12-06T08:31:13","modified_gmt":"2019-12-06T08:31:13","slug":"werkzeugbau","status":"publish","type":"page","link":"https:\/\/martignoni.ch\/fr\/leistungsspektrum\/werkzeugbau\/","title":{"rendered":"Werkzeugbau"},"content":{"rendered":"<div class=\"vce-row-container\"><div class=\"vce-row vce-element--has-background vce-row--col-gap-30 rootclass vce-row-columns--top vce-row-content--top\" id=\"el-26a6626d\" data-vce-do-apply=\"all el-26a6626d\"><div class=\"vce-content-background-container\"><div class=\"vce-asset-background-simple-container vce-visible-all-only vce-asset-background-simple--style-no-repeat vce-asset-background-simple--position-left-top\"><div class=\"vce-asset-background-simple\"><div class=\"vce-asset-background-simple-item\" style=\"background-image: url('https:\/\/martignoni.ch\/wp-content\/uploads\/2019\/11\/werkzeugbau-2.jpg');\"><\/div><\/div><\/div><\/div><div class=\"vce-row-content\" data-vce-element-content=\"true\"><div class=\"vce-col vce-col--md-30p vce-col--xs-1 vce-col--xs-last vce-col--xs-first vce-col--sm-last vce-col--sm-first vce-col--md-first vce-col--lg-first vce-col--xl-first mainleft\" id=\"el-ed4930c8\"><div class=\"vce-col-inner\" data-vce-do-apply=\"border margin background  el-ed4930c8\"><div class=\"vce-col-content\" data-vce-element-content=\"true\" data-vce-do-apply=\"padding el-ed4930c8\"><\/div><\/div><\/div><div class=\"vce-col vce-col--md-70p vce-col--xs-1 vce-col--xs-last vce-col--xs-first vce-col--sm-last vce-col--sm-first vce-col--md-last vce-col--lg-last vce-col--xl-last mainright\" id=\"el-e3df0ac8\"><div class=\"vce-col-inner\" data-vce-do-apply=\"border margin background  el-e3df0ac8\"><div class=\"vce-col-content\" data-vce-element-content=\"true\" data-vce-do-apply=\"padding el-e3df0ac8\"><div class=\"vce-empty-space-container\" id=\"el-1122c57b\" data-vce-do-apply=\"margin el-1122c57b\"><div class=\"vce vce-empty-space vce-empty-space--height-25px--400px--400px--400px--400px--400px\" data-vce-do-apply=\"border padding background  el-1122c57b\"><\/div><\/div><div class=\"vce-text-block\"><div class=\"vce-text-block-wrapper vce\" id=\"el-a79c2b33\" data-vce-do-apply=\"all el-a79c2b33\"><h2>Leistungsspektrum<\/h2><h1>Votre avantage brut:<\/h1><h1>Notre outil de construction interne!<\/h1><\/div><\/div><div class=\"vce-text-block smallfixedwidth\"><div class=\"vce-text-block-wrapper vce\" id=\"el-68ead4f0\" data-vce-do-apply=\"all el-68ead4f0\"><p>\u00c9tait-ce diff\u00e9rent de nos coll\u00e8gues? Les meilleurs outilleurs qualifi\u00e9s compl\u00e8tent l'outil pour les pi\u00e8ces pr\u00e9cises de votre appareil directement chez nous! En tant que client, ils b\u00e9n\u00e9ficient de courts trajets entre notre construction, la construction d'outils et le moulin \u00e0 aspersion. Nos professionnels montrent une large compr\u00e9hension de vos aspirations et d\u00e9sirs. Ils pensent et agissent dans votre sens d'\u00eatre ax\u00e9s sur les processus, tourn\u00e9s vers l'avenir et soucieux des co\u00fbts.<\/p><p>Nous travaillons de mani\u00e8re extr\u00eamement pr\u00e9cise. Avec le processus de faible \u00e9rosion (hyperspark) et d'\u00e9rosion par fil, le fraisage HSC, sur les machines de tournage et de meulage, notre parc de machines ultramoderne est la pr\u00e9misse de votre pi\u00e8ce. Ces modifications sont \u00e9galement n\u00e9cessaires lors de la production en s\u00e9rie du Spritzgussteile. Et les r\u00e9parations, l'entretien et le stockage de vos pr\u00e9cieux outils que nous prenons naturellement pour vous.<\/p><p><strong>Martignoni AG - tout d'une seule maison.<\/strong><\/p><\/div><\/div><\/div><\/div><\/div><\/div><\/div><\/div><div class=\"vce-row-container\"><div class=\"vce-row vce-row--col-gap-30 vce-row-columns--top vce-row-content--top\" id=\"el-28de8717\" data-vce-do-apply=\"all el-28de8717\"><div class=\"vce-row-content\" data-vce-element-content=\"true\"><div class=\"vce-col vce-col--md-auto vce-col--xs-1 vce-col--xs-last vce-col--xs-first vce-col--sm-last vce-col--sm-first vce-col--md-last vce-col--lg-last vce-col--xl-last vce-col--md-first vce-col--lg-first vce-col--xl-first\" id=\"el-4ee37b9a\"><div class=\"vce-col-inner\" data-vce-do-apply=\"border margin background  el-4ee37b9a\"><div class=\"vce-col-content\" data-vce-element-content=\"true\" data-vce-do-apply=\"padding el-4ee37b9a\"><\/div><\/div><\/div><\/div><\/div><\/div>\n","protected":false},"excerpt":{"rendered":"<p>LeistungsspektrumVotre avantage brut:Notre outil de construction interne!\u00c9tait-ce diff\u00e9rent de nos coll\u00e8gues? Les meilleurs outilleurs qualifi\u00e9s compl\u00e8tent l&rsquo;outil pour les pi\u00e8ces pr\u00e9cises de votre appareil directement chez nous! En tant que client, ils b\u00e9n\u00e9ficient de courts trajets entre notre construction, la construction d&rsquo;outils et le moulin \u00e0 aspersion. Nos professionnels montrent une large compr\u00e9hension de vos [&hellip;]<\/p>\n","protected":false},"author":1,"featured_media":0,"parent":506,"menu_order":0,"comment_status":"closed","ping_status":"closed","template":"","meta":{"_genesis_hide_title":false,"_genesis_hide_breadcrumbs":false,"_genesis_hide_singular_image":false,"_genesis_hide_footer_widgets":false,"_genesis_custom_body_class":"","_genesis_custom_post_class":"","_genesis_layout":"","footnotes":""},"class_list":{"0":"post-549","1":"page","2":"type-page","3":"status-publish","5":"entry","6":"override"},"yoast_head":"<!-- This site is optimized with the Yoast SEO plugin v27.4 - https:\/\/yoast.com\/product\/yoast-seo-wordpress\/ -->\n<title>Werkzeugbau - Martignoni<\/title>\n<meta name=\"robots\" content=\"index, follow, max-snippet:-1, max-image-preview:large, max-video-preview:-1\" \/>\n<link rel=\"canonical\" href=\"https:\/\/martignoni.ch\/fr\/leistungsspektrum\/werkzeugbau\/\" \/>\n<meta property=\"og:locale\" content=\"fr_FR\" \/>\n<meta property=\"og:type\" content=\"article\" \/>\n<meta property=\"og:title\" content=\"Werkzeugbau - Martignoni\" \/>\n<meta property=\"og:description\" content=\"LeistungsspektrumVotre avantage brut:Notre outil de construction interne!\u00c9tait-ce diff\u00e9rent de nos coll\u00e8gues? Les meilleurs outilleurs qualifi\u00e9s compl\u00e8tent l&#039;outil pour les pi\u00e8ces pr\u00e9cises de votre appareil directement chez nous! En tant que client, ils b\u00e9n\u00e9ficient de courts trajets entre notre construction, la construction d&#039;outils et le moulin \u00e0 aspersion. Nos professionnels montrent une large compr\u00e9hension de vos [&hellip;]\" \/>\n<meta property=\"og:url\" content=\"https:\/\/martignoni.ch\/fr\/leistungsspektrum\/werkzeugbau\/\" \/>\n<meta property=\"og:site_name\" content=\"Martignoni\" \/>\n<meta property=\"article:modified_time\" content=\"2019-12-06T08:31:13+00:00\" \/>\n<meta name=\"twitter:card\" content=\"summary_large_image\" \/>\n<meta name=\"twitter:label1\" content=\"Dur\u00e9e de lecture estim\u00e9e\" \/>\n\t<meta name=\"twitter:data1\" content=\"1 minute\" \/>\n<script type=\"application\/ld+json\" class=\"yoast-schema-graph\">{\"@context\":\"https:\\\/\\\/schema.org\",\"@graph\":[{\"@type\":\"WebPage\",\"@id\":\"https:\\\/\\\/martignoni.ch\\\/fr\\\/leistungsspektrum\\\/werkzeugbau\\\/\",\"url\":\"https:\\\/\\\/martignoni.ch\\\/fr\\\/leistungsspektrum\\\/werkzeugbau\\\/\",\"name\":\"Werkzeugbau - Martignoni\",\"isPartOf\":{\"@id\":\"https:\\\/\\\/martignoni.ch\\\/fr\\\/#website\"},\"datePublished\":\"2019-11-06T09:30:30+00:00\",\"dateModified\":\"2019-12-06T08:31:13+00:00\",\"breadcrumb\":{\"@id\":\"https:\\\/\\\/martignoni.ch\\\/fr\\\/leistungsspektrum\\\/werkzeugbau\\\/#breadcrumb\"},\"inLanguage\":\"fr-FR\",\"potentialAction\":[{\"@type\":\"ReadAction\",\"target\":[\"https:\\\/\\\/martignoni.ch\\\/fr\\\/leistungsspektrum\\\/werkzeugbau\\\/\"]}]},{\"@type\":\"BreadcrumbList\",\"@id\":\"https:\\\/\\\/martignoni.ch\\\/fr\\\/leistungsspektrum\\\/werkzeugbau\\\/#breadcrumb\",\"itemListElement\":[{\"@type\":\"ListItem\",\"position\":1,\"name\":\"Home\",\"item\":\"https:\\\/\\\/martignoni.ch\\\/fr\\\/bienvenue\\\/\"},{\"@type\":\"ListItem\",\"position\":2,\"name\":\"Leistungsspektrum\",\"item\":\"https:\\\/\\\/martignoni.ch\\\/fr\\\/leistungsspektrum\\\/\"},{\"@type\":\"ListItem\",\"position\":3,\"name\":\"Werkzeugbau\"}]},{\"@type\":\"WebSite\",\"@id\":\"https:\\\/\\\/martignoni.ch\\\/fr\\\/#website\",\"url\":\"https:\\\/\\\/martignoni.ch\\\/fr\\\/\",\"name\":\"Martignoni\",\"description\":\"\",\"potentialAction\":[{\"@type\":\"SearchAction\",\"target\":{\"@type\":\"EntryPoint\",\"urlTemplate\":\"https:\\\/\\\/martignoni.ch\\\/fr\\\/?s={search_term_string}\"},\"query-input\":{\"@type\":\"PropertyValueSpecification\",\"valueRequired\":true,\"valueName\":\"search_term_string\"}}],\"inLanguage\":\"fr-FR\"}]}<\/script>\n<!-- \/ Yoast SEO plugin. -->","yoast_head_json":{"title":"Werkzeugbau - Martignoni","robots":{"index":"index","follow":"follow","max-snippet":"max-snippet:-1","max-image-preview":"max-image-preview:large","max-video-preview":"max-video-preview:-1"},"canonical":"https:\/\/martignoni.ch\/fr\/leistungsspektrum\/werkzeugbau\/","og_locale":"fr_FR","og_type":"article","og_title":"Werkzeugbau - Martignoni","og_description":"LeistungsspektrumVotre avantage brut:Notre outil de construction interne!\u00c9tait-ce diff\u00e9rent de nos coll\u00e8gues? Les meilleurs outilleurs qualifi\u00e9s compl\u00e8tent l'outil pour les pi\u00e8ces pr\u00e9cises de votre appareil directement chez nous! En tant que client, ils b\u00e9n\u00e9ficient de courts trajets entre notre construction, la construction d'outils et le moulin \u00e0 aspersion. Nos professionnels montrent une large compr\u00e9hension de vos [&hellip;]","og_url":"https:\/\/martignoni.ch\/fr\/leistungsspektrum\/werkzeugbau\/","og_site_name":"Martignoni","article_modified_time":"2019-12-06T08:31:13+00:00","twitter_card":"summary_large_image","twitter_misc":{"Dur\u00e9e de lecture estim\u00e9e":"1 minute"},"schema":{"@context":"https:\/\/schema.org","@graph":[{"@type":"WebPage","@id":"https:\/\/martignoni.ch\/fr\/leistungsspektrum\/werkzeugbau\/","url":"https:\/\/martignoni.ch\/fr\/leistungsspektrum\/werkzeugbau\/","name":"Werkzeugbau - Martignoni","isPartOf":{"@id":"https:\/\/martignoni.ch\/fr\/#website"},"datePublished":"2019-11-06T09:30:30+00:00","dateModified":"2019-12-06T08:31:13+00:00","breadcrumb":{"@id":"https:\/\/martignoni.ch\/fr\/leistungsspektrum\/werkzeugbau\/#breadcrumb"},"inLanguage":"fr-FR","potentialAction":[{"@type":"ReadAction","target":["https:\/\/martignoni.ch\/fr\/leistungsspektrum\/werkzeugbau\/"]}]},{"@type":"BreadcrumbList","@id":"https:\/\/martignoni.ch\/fr\/leistungsspektrum\/werkzeugbau\/#breadcrumb","itemListElement":[{"@type":"ListItem","position":1,"name":"Home","item":"https:\/\/martignoni.ch\/fr\/bienvenue\/"},{"@type":"ListItem","position":2,"name":"Leistungsspektrum","item":"https:\/\/martignoni.ch\/fr\/leistungsspektrum\/"},{"@type":"ListItem","position":3,"name":"Werkzeugbau"}]},{"@type":"WebSite","@id":"https:\/\/martignoni.ch\/fr\/#website","url":"https:\/\/martignoni.ch\/fr\/","name":"Martignoni","description":"","potentialAction":[{"@type":"SearchAction","target":{"@type":"EntryPoint","urlTemplate":"https:\/\/martignoni.ch\/fr\/?s={search_term_string}"},"query-input":{"@type":"PropertyValueSpecification","valueRequired":true,"valueName":"search_term_string"}}],"inLanguage":"fr-FR"}]}},"_links":{"self":[{"href":"https:\/\/martignoni.ch\/fr\/wp-json\/wp\/v2\/pages\/549","targetHints":{"allow":["GET"]}}],"collection":[{"href":"https:\/\/martignoni.ch\/fr\/wp-json\/wp\/v2\/pages"}],"about":[{"href":"https:\/\/martignoni.ch\/fr\/wp-json\/wp\/v2\/types\/page"}],"author":[{"embeddable":true,"href":"https:\/\/martignoni.ch\/fr\/wp-json\/wp\/v2\/users\/1"}],"replies":[{"embeddable":true,"href":"https:\/\/martignoni.ch\/fr\/wp-json\/wp\/v2\/comments?post=549"}],"version-history":[{"count":9,"href":"https:\/\/martignoni.ch\/fr\/wp-json\/wp\/v2\/pages\/549\/revisions"}],"predecessor-version":[{"id":1645,"href":"https:\/\/martignoni.ch\/fr\/wp-json\/wp\/v2\/pages\/549\/revisions\/1645"}],"up":[{"embeddable":true,"href":"https:\/\/martignoni.ch\/fr\/wp-json\/wp\/v2\/pages\/506"}],"wp:attachment":[{"href":"https:\/\/martignoni.ch\/fr\/wp-json\/wp\/v2\/media?parent=549"}],"curies":[{"name":"wp","href":"https:\/\/api.w.org\/{rel}","templated":true}]}}